{"id":26276,"date":"2025-10-13T22:07:01","date_gmt":"2025-10-13T22:07:01","guid":{"rendered":"https:\/\/cipele.ba\/shop\/uncategorized\/moon-boot-moon-boot-nylon-2\/"},"modified":"2026-04-21T20:09:01","modified_gmt":"2026-04-21T20:09:01","slug":"moon-boot-moon-boot-nylon-2","status":"publish","type":"product","link":"https:\/\/cipele.ba\/en\/shop\/zene\/zenske-cizme\/moon-boot-moon-boot-nylon-2\/","title":{"rendered":"Moon Boot Moon Boot Nylon"},"content":{"rendered":"<p>Moon Boot Nylon Red su \u017eenske \u010dizme.<br \/>Veoma su udobne i tople. Vodootporne su. Moderan, futuristi\u010dki dizajn inspirisan je \u010dizmama astronauta i spojen je sa kvalitetnom izradom. \u0160iroko, polukru\u017eno gornji\u0161te donosi dosta prostora za prste. Visina do koljena dodatno vas \u0161titi\u00a0prilikom nepovoljnih vremenskih uslova &#8211; ki\u0161e, susnje\u017eice, snijega&#8230; Moon Boot &#8211; veliki natpis ostavlja upe\u010datljiv utisak. Karakteristi\u010dno vezivanje na vezice doprinosi udobnosti. Izdr\u017eljiv gumeni \u0111on odli\u010dno prijanja uz razne povr\u0161ine i vrhunska je izolacija za va\u0161a stopala. Upadljiva crvena boja dodatno isti\u010de ultra moderan dizajn. Ove \u010dizme su odli\u010dan zimski zbor. U njima \u0107e va\u0161a stopala biti topla i suva bilo da ste na planini ili ulici. Najbolja preporuka su im kvalitet i atraktivan dizajn. I sigurno gdje god da krenete ne\u0107ete biti neprime\u0107eni.<br \/>SPECIFIKACIJA :<\/p>\n<li> Gornji dio \u2013 najlon, sintetika <\/li>\n<li> Gumeni \u0111on <\/li>\n<li> Voodotporna obu\u0107a za ki\u0161u i snijeg <\/li>\n<li> Vezivanje na pertle <\/li>","protected":false},"excerpt":{"rendered":"<p>Moon Boot Nylon Red su \u017eenske \u010dizme.Veoma su udobne i tople. Vodootporne su. Moderan, futuristi\u010dki dizajn inspirisan je \u010dizmama astronauta i spojen je sa kvalitetnom izradom. \u0160iroko, polukru\u017eno gornji\u0161te donosi dosta prostora za prste. Visina do koljena dodatno vas \u0161titi\u00a0prilikom nepovoljnih vremenskih uslova &#8211; ki\u0161e, susnje\u017eice, snijega&#8230; Moon Boot &#8211; veliki natpis ostavlja upe\u010datljiv utisak. [&hellip;]<\/p>","protected":false},"featured_media":26272,"template":"","meta":{"jetpack_post_was_ever_published":false},"product_brand":[94],"product_cat":[81],"product_tag":[],"class_list":{"0":"post-26276","1":"product","2":"type-product","3":"status-publish","4":"has-post-thumbnail","6":"product_brand-sport_vision","7":"product_cat-zenske-cizme","9":"first","10":"instock","11":"sale","12":"shipping-taxable","13":"product-type-external"},"jetpack-related-posts":[],"jetpack_sharing_enabled":true,"_links":{"self":[{"href":"https:\/\/cipele.ba\/en\/wp-json\/wp\/v2\/product\/26276","targetHints":{"allow":["GET"]}}],"collection":[{"href":"https:\/\/cipele.ba\/en\/wp-json\/wp\/v2\/product"}],"about":[{"href":"https:\/\/cipele.ba\/en\/wp-json\/wp\/v2\/types\/product"}],"wp:featuredmedia":[{"embeddable":true,"href":"https:\/\/cipele.ba\/en\/wp-json\/wp\/v2\/media\/26272"}],"wp:attachment":[{"href":"https:\/\/cipele.ba\/en\/wp-json\/wp\/v2\/media?parent=26276"}],"wp:term":[{"taxonomy":"product_brand","embeddable":true,"href":"https:\/\/cipele.ba\/en\/wp-json\/wp\/v2\/product_brand?post=26276"},{"taxonomy":"product_cat","embeddable":true,"href":"https:\/\/cipele.ba\/en\/wp-json\/wp\/v2\/product_cat?post=26276"},{"taxonomy":"product_tag","embeddable":true,"href":"https:\/\/cipele.ba\/en\/wp-json\/wp\/v2\/product_tag?post=26276"}],"curies":[{"name":"wp","href":"https:\/\/api.w.org\/{rel}","templated":true}]}}