{"id":26280,"date":"2025-10-13T22:07:04","date_gmt":"2025-10-13T22:07:04","guid":{"rendered":"https:\/\/cipele.ba\/shop\/uncategorized\/ellesse-lora\/"},"modified":"2026-04-21T16:50:33","modified_gmt":"2026-04-21T16:50:33","slug":"ellesse-lora","status":"publish","type":"product","link":"https:\/\/cipele.ba\/en\/shop\/zene\/zenske-cizme\/ellesse-lora\/","title":{"rendered":"Ellesse Lora"},"content":{"rendered":"<\/p>\n<p> Kada nastupe zimski dani, toplina i klasi\u010dan dizajn Ellesse Lora \u017eenskih lifestyle \u010dizama je sve \u0161to vam je potrebno. <\/p>\n<p> Duboke i tople, ove \u010dizme \u0107e odli\u010dno za\u0161tititi va\u0161e stopalo od vlage i hladno\u0107e. Gornji\u0161te od poliuretana i mre\u017easte najlon tkanine je prozra\u010dno i lako za odr\u017eavanje. Gumeni \u0111on sa \u017eljebovima pru\u017ea dobro prianjanje i spre\u010dava klizanje. Njihov jednostavan, klasi\u010dan dizajn ih \u010dini savr\u0161enim za kombinovanje, kako sa sportskom tako i le\u017eernijom garderobom. Zakora\u010dite u zimski dan sa stilom. <\/p>\n<p> Specifikacija: <\/p>\n<li> \u017denske lifestyle \u010dizme <\/li>\n<li> Dubok profil <\/li>\n<li> Bo\u010dno rajsfer\u0161lus zatvaranje <\/li>\n<li> Krzno na otvoru \u010dizme <\/li>\n<li> Sastav gornji\u0161ta: 30% poliuretan, 70% platno <\/li>\n<li> Gumeni \u0111on <\/li>","protected":false},"excerpt":{"rendered":"<p>Kada nastupe zimski dani, toplina i klasi\u010dan dizajn Ellesse Lora \u017eenskih lifestyle \u010dizama je sve \u0161to vam je potrebno. Duboke i tople, ove \u010dizme \u0107e odli\u010dno za\u0161tititi va\u0161e stopalo od vlage i hladno\u0107e. Gornji\u0161te od poliuretana i mre\u017easte najlon tkanine je prozra\u010dno i lako za odr\u017eavanje. Gumeni \u0111on sa \u017eljebovima pru\u017ea dobro prianjanje i spre\u010dava [&hellip;]<\/p>","protected":false},"featured_media":26277,"template":"","meta":{"jetpack_post_was_ever_published":false},"product_brand":[94],"product_cat":[81],"product_tag":[],"class_list":{"0":"post-26280","1":"product","2":"type-product","3":"status-publish","4":"has-post-thumbnail","6":"product_brand-sport_vision","7":"product_cat-zenske-cizme","9":"first","10":"instock","11":"sale","12":"shipping-taxable","13":"product-type-external"},"jetpack-related-posts":[],"jetpack_sharing_enabled":true,"_links":{"self":[{"href":"https:\/\/cipele.ba\/en\/wp-json\/wp\/v2\/product\/26280","targetHints":{"allow":["GET"]}}],"collection":[{"href":"https:\/\/cipele.ba\/en\/wp-json\/wp\/v2\/product"}],"about":[{"href":"https:\/\/cipele.ba\/en\/wp-json\/wp\/v2\/types\/product"}],"wp:featuredmedia":[{"embeddable":true,"href":"https:\/\/cipele.ba\/en\/wp-json\/wp\/v2\/media\/26277"}],"wp:attachment":[{"href":"https:\/\/cipele.ba\/en\/wp-json\/wp\/v2\/media?parent=26280"}],"wp:term":[{"taxonomy":"product_brand","embeddable":true,"href":"https:\/\/cipele.ba\/en\/wp-json\/wp\/v2\/product_brand?post=26280"},{"taxonomy":"product_cat","embeddable":true,"href":"https:\/\/cipele.ba\/en\/wp-json\/wp\/v2\/product_cat?post=26280"},{"taxonomy":"product_tag","embeddable":true,"href":"https:\/\/cipele.ba\/en\/wp-json\/wp\/v2\/product_tag?post=26280"}],"curies":[{"name":"wp","href":"https:\/\/api.w.org\/{rel}","templated":true}]}}