{"id":26282,"date":"2025-10-13T22:07:04","date_gmt":"2025-10-13T22:07:04","guid":{"rendered":"https:\/\/cipele.ba\/shop\/uncategorized\/ellesse-scarlett\/"},"modified":"2026-04-21T10:36:50","modified_gmt":"2026-04-21T10:36:50","slug":"ellesse-scarlett","status":"publish","type":"product","link":"https:\/\/cipele.ba\/en\/shop\/zene\/zenske-cizme\/ellesse-scarlett\/","title":{"rendered":"Ellesse Scarlett"},"content":{"rendered":"<\/p>\n<p> Ellesse SCARLETT \u017eenske lifestyle \u010dizme zaokru\u017ei\u0107e svaki va\u0161 outfit za hladne dane. <\/p>\n<p> Dubok profil savr\u0161eno \u0161titi u hladnim uslovima. Deblji \u0111on sa \u017eljebovima pru\u017ea savr\u0161eno prianjanje na svim terenima. Sveden dizajn i le\u017eeran stil kojim odi\u0161u ih \u010dine savr\u0161enim za svaki zimski dan. <\/p>\n<p> Specifikacija: <\/p>\n<li> \u017denske lifestyle \u010dizme <\/li>\n<li> Dubok profil <\/li>\n<li> Sastav gornji\u0161ta: 35% poliuretan, 65% tekstil <\/li>\n<li> TPR \u0111on <\/li>","protected":false},"excerpt":{"rendered":"<p>Ellesse SCARLETT \u017eenske lifestyle \u010dizme zaokru\u017ei\u0107e svaki va\u0161 outfit za hladne dane. Dubok profil savr\u0161eno \u0161titi u hladnim uslovima. Deblji \u0111on sa \u017eljebovima pru\u017ea savr\u0161eno prianjanje na svim terenima. Sveden dizajn i le\u017eeran stil kojim odi\u0161u ih \u010dine savr\u0161enim za svaki zimski dan. Specifikacija: \u017denske lifestyle \u010dizme Dubok profil Sastav gornji\u0161ta: 35% poliuretan, 65% tekstil [&hellip;]<\/p>","protected":false},"featured_media":26281,"template":"","meta":{"jetpack_post_was_ever_published":false},"product_brand":[94],"product_cat":[81],"product_tag":[],"class_list":{"0":"post-26282","1":"product","2":"type-product","3":"status-publish","4":"has-post-thumbnail","6":"product_brand-sport_vision","7":"product_cat-zenske-cizme","9":"first","10":"instock","11":"sale","12":"shipping-taxable","13":"product-type-external"},"jetpack-related-posts":[],"jetpack_sharing_enabled":true,"_links":{"self":[{"href":"https:\/\/cipele.ba\/en\/wp-json\/wp\/v2\/product\/26282","targetHints":{"allow":["GET"]}}],"collection":[{"href":"https:\/\/cipele.ba\/en\/wp-json\/wp\/v2\/product"}],"about":[{"href":"https:\/\/cipele.ba\/en\/wp-json\/wp\/v2\/types\/product"}],"wp:featuredmedia":[{"embeddable":true,"href":"https:\/\/cipele.ba\/en\/wp-json\/wp\/v2\/media\/26281"}],"wp:attachment":[{"href":"https:\/\/cipele.ba\/en\/wp-json\/wp\/v2\/media?parent=26282"}],"wp:term":[{"taxonomy":"product_brand","embeddable":true,"href":"https:\/\/cipele.ba\/en\/wp-json\/wp\/v2\/product_brand?post=26282"},{"taxonomy":"product_cat","embeddable":true,"href":"https:\/\/cipele.ba\/en\/wp-json\/wp\/v2\/product_cat?post=26282"},{"taxonomy":"product_tag","embeddable":true,"href":"https:\/\/cipele.ba\/en\/wp-json\/wp\/v2\/product_tag?post=26282"}],"curies":[{"name":"wp","href":"https:\/\/api.w.org\/{rel}","templated":true}]}}