{"id":26287,"date":"2025-10-13T22:07:07","date_gmt":"2025-10-13T22:07:07","guid":{"rendered":"https:\/\/cipele.ba\/shop\/uncategorized\/kander-ka\/"},"modified":"2026-04-20T00:08:51","modified_gmt":"2026-04-20T00:08:51","slug":"kander-ka","status":"publish","type":"product","link":"https:\/\/cipele.ba\/en\/shop\/zene\/zenske-cizme\/kander-ka\/","title":{"rendered":"Kander Ka"},"content":{"rendered":"<\/p>\n<p> KANDER Ka su \u017eenske outdoor duboke \u010dizme, idealne za prohladne i hladne zimske dane. <\/p>\n<p> Bilo da ste na planini ili samo \u0161etate gradskim ulicama po snijegu, ove \u010dizme \u0107e biti va\u0161 najbolji saveznik u hladnim danima. Napravljene od kvalitetnih materijala, sa tekstilnom postavom tako da \u0107e va\u0161a stopala ostati suva i topla. Udoban i mekan srednji \u0111on obezbje\u0111uje odli\u010dnu amortizaciju i daje povrat energije u va\u0161a stopala. \u010cizme su dubokog profila sa specifi\u010dnim na\u010dinom pertlanja koje obezbje\u0111uje savr\u0161eno pristajanje. Gumeni \u0111on pru\u017ea odli\u010dno prianjanje i daje sigurnost va\u0161em koraku. <\/p>\n<p> Specifikacija: <\/p>\n<li> \u017denske outdoor \u010dizme <\/li>\n<li> Dubok profil <\/li>\n<li> Pertlanje <\/li>\n<li> Gumeni \u0111on <\/li>","protected":false},"excerpt":{"rendered":"<p>KANDER Ka su \u017eenske outdoor duboke \u010dizme, idealne za prohladne i hladne zimske dane. Bilo da ste na planini ili samo \u0161etate gradskim ulicama po snijegu, ove \u010dizme \u0107e biti va\u0161 najbolji saveznik u hladnim danima. Napravljene od kvalitetnih materijala, sa tekstilnom postavom tako da \u0107e va\u0161a stopala ostati suva i topla. Udoban i mekan [&hellip;]<\/p>","protected":false},"featured_media":26285,"template":"","meta":{"jetpack_post_was_ever_published":false},"product_brand":[94],"product_cat":[81],"product_tag":[],"class_list":{"0":"post-26287","1":"product","2":"type-product","3":"status-publish","4":"has-post-thumbnail","6":"product_brand-sport_vision","7":"product_cat-zenske-cizme","9":"first","10":"instock","11":"sale","12":"shipping-taxable","13":"product-type-external"},"jetpack-related-posts":[],"jetpack_sharing_enabled":true,"_links":{"self":[{"href":"https:\/\/cipele.ba\/en\/wp-json\/wp\/v2\/product\/26287","targetHints":{"allow":["GET"]}}],"collection":[{"href":"https:\/\/cipele.ba\/en\/wp-json\/wp\/v2\/product"}],"about":[{"href":"https:\/\/cipele.ba\/en\/wp-json\/wp\/v2\/types\/product"}],"wp:featuredmedia":[{"embeddable":true,"href":"https:\/\/cipele.ba\/en\/wp-json\/wp\/v2\/media\/26285"}],"wp:attachment":[{"href":"https:\/\/cipele.ba\/en\/wp-json\/wp\/v2\/media?parent=26287"}],"wp:term":[{"taxonomy":"product_brand","embeddable":true,"href":"https:\/\/cipele.ba\/en\/wp-json\/wp\/v2\/product_brand?post=26287"},{"taxonomy":"product_cat","embeddable":true,"href":"https:\/\/cipele.ba\/en\/wp-json\/wp\/v2\/product_cat?post=26287"},{"taxonomy":"product_tag","embeddable":true,"href":"https:\/\/cipele.ba\/en\/wp-json\/wp\/v2\/product_tag?post=26287"}],"curies":[{"name":"wp","href":"https:\/\/api.w.org\/{rel}","templated":true}]}}