{"id":26288,"date":"2025-10-13T22:07:08","date_gmt":"2025-10-13T22:07:08","guid":{"rendered":"https:\/\/cipele.ba\/shop\/uncategorized\/helly-hansen-durango\/"},"modified":"2026-04-18T17:27:36","modified_gmt":"2026-04-18T17:27:36","slug":"helly-hansen-durango","status":"publish","type":"product","link":"https:\/\/cipele.ba\/en\/shop\/zene\/zenske-cizme\/helly-hansen-durango\/","title":{"rendered":"Helly Hansen Durango"},"content":{"rendered":"<\/p>\n<p> HELLY HANSEN DURANGO su \u017eenske lifestyle cipele koje privla\u010de pa\u017enju svojim dizajnom, ali i visokom funkcionalno\u0161\u0107u. <\/p>\n<p> Idealan su izbor za sve koji vole jednostavan sportski stil. Svojim dizajnom garantuju udobnost i lako\u0107u kretanja. Dizajnirane za udobnost i svestranost, a napravljene od najvalitetnijih materijala, savr\u0161eno meko obavijaju va\u0161a stopala, a u isto vrijeme daju im i potrebnu \u010dvrstinu. Poludubok profil i i standardno pertlanje, te svedeni kolorit omogu\u0107avaju da ih kombinujete u razli\u010ditim prilikama i sa razli\u010ditim komadima garderobe. Jezi\u010dak za petu olak\u0161ava obuvanje.<\/p>\n<p> Specifikacija: <\/p>\n<li> \u017denske lifestyle cipele <\/li>\n<li> Poludubok profil <\/li>\n<li> Pertlanje <\/li>\n<li>Jezi\u010dak za petu<\/li>\n<li>Gumeni \u0111on <\/li>","protected":false},"excerpt":{"rendered":"<p>HELLY HANSEN DURANGO su \u017eenske lifestyle cipele koje privla\u010de pa\u017enju svojim dizajnom, ali i visokom funkcionalno\u0161\u0107u. Idealan su izbor za sve koji vole jednostavan sportski stil. Svojim dizajnom garantuju udobnost i lako\u0107u kretanja. Dizajnirane za udobnost i svestranost, a napravljene od najvalitetnijih materijala, savr\u0161eno meko obavijaju va\u0161a stopala, a u isto vrijeme daju im i [&hellip;]<\/p>","protected":false},"featured_media":26286,"template":"","meta":{"jetpack_post_was_ever_published":false},"product_brand":[94],"product_cat":[81],"product_tag":[],"class_list":{"0":"post-26288","1":"product","2":"type-product","3":"status-publish","4":"has-post-thumbnail","6":"product_brand-sport_vision","7":"product_cat-zenske-cizme","9":"first","10":"instock","11":"sale","12":"shipping-taxable","13":"product-type-external"},"jetpack-related-posts":[],"jetpack_sharing_enabled":true,"_links":{"self":[{"href":"https:\/\/cipele.ba\/en\/wp-json\/wp\/v2\/product\/26288","targetHints":{"allow":["GET"]}}],"collection":[{"href":"https:\/\/cipele.ba\/en\/wp-json\/wp\/v2\/product"}],"about":[{"href":"https:\/\/cipele.ba\/en\/wp-json\/wp\/v2\/types\/product"}],"wp:featuredmedia":[{"embeddable":true,"href":"https:\/\/cipele.ba\/en\/wp-json\/wp\/v2\/media\/26286"}],"wp:attachment":[{"href":"https:\/\/cipele.ba\/en\/wp-json\/wp\/v2\/media?parent=26288"}],"wp:term":[{"taxonomy":"product_brand","embeddable":true,"href":"https:\/\/cipele.ba\/en\/wp-json\/wp\/v2\/product_brand?post=26288"},{"taxonomy":"product_cat","embeddable":true,"href":"https:\/\/cipele.ba\/en\/wp-json\/wp\/v2\/product_cat?post=26288"},{"taxonomy":"product_tag","embeddable":true,"href":"https:\/\/cipele.ba\/en\/wp-json\/wp\/v2\/product_tag?post=26288"}],"curies":[{"name":"wp","href":"https:\/\/api.w.org\/{rel}","templated":true}]}}