{"id":26293,"date":"2025-10-13T22:07:10","date_gmt":"2025-10-13T22:07:10","guid":{"rendered":"https:\/\/cipele.ba\/shop\/uncategorized\/columbia-red-hills-omni-heat-2\/"},"modified":"2026-04-18T13:13:33","modified_gmt":"2026-04-18T13:13:33","slug":"columbia-red-hills-omni-heat-2","status":"publish","type":"product","link":"https:\/\/cipele.ba\/en\/shop\/zene\/zenske-cizme\/columbia-red-hills-omni-heat-2\/","title":{"rendered":"Columbia Red Hills\u2122 Omni-Heat\u2122"},"content":{"rendered":"<\/p>\n<p> Napravljene od na\u0161e termo-reflektivne postave i izolacije, uz vodootporno gornji\u0161te koji \u0161titi od bljuzgavice i ki\u0161e, Columbia Red Hills\u2122 Omni-Heat\u2122 \u017eenske outdoor \u010dizme su spremne za zimu. <\/p>\n<p> Gornji\u0161te ovih \u010dizama izra\u0111eno je od vodootpornog tekstila sa ko\u017enim slojevima, nude\u0107i za\u0161titu i otpornost. Omni-Heat\u2122 reflektujuc\u0301a postava zadr\u017eava toplinu. Omni-Tech\u2122 vodootporna prozra\u010dna konstrukcija pru\u017ea za\u0161titu i svim vremenskim uslovima dok Techlite\u2122 lagani srednji \u0111on pru\u017ea dugotrajnu udobnost, superiorne jastu\u010di\u0107e i visok povrat ulo\u017eene energije. Omni-Grip\u2122 gumeni \u0111on koja ne ostavlja tragove obezbje\u0111uje savr\u0161eno prianjanje. <\/p>\n<p> Specifikacija: <\/p>\n<li> Dubok profil <\/li>\n<li> Gornji\u0161te od vodootpornog tekstila sa ko\u017enim slojevima <\/li>\n<li> Omni-Tech\u2122 vodootporna i prozra\u010dna tehnologija <\/li>\n<li> Omni-Heat\u2122 reflektujuc\u0301a postava <\/li>\n<li> Techlite\u2122 srednji \u0111on <\/li>\n<li> Omni-Grip\u2122 gumeni \u0111on <\/li>\n<li> Te\u017eina: 430 g <\/li>","protected":false},"excerpt":{"rendered":"<p>Napravljene od na\u0161e termo-reflektivne postave i izolacije, uz vodootporno gornji\u0161te koji \u0161titi od bljuzgavice i ki\u0161e, Columbia Red Hills\u2122 Omni-Heat\u2122 \u017eenske outdoor \u010dizme su spremne za zimu. Gornji\u0161te ovih \u010dizama izra\u0111eno je od vodootpornog tekstila sa ko\u017enim slojevima, nude\u0107i za\u0161titu i otpornost. Omni-Heat\u2122 reflektujuc\u0301a postava zadr\u017eava toplinu. Omni-Tech\u2122 vodootporna prozra\u010dna konstrukcija pru\u017ea za\u0161titu i svim [&hellip;]<\/p>","protected":false},"featured_media":26291,"template":"","meta":{"jetpack_post_was_ever_published":false},"product_brand":[94],"product_cat":[81],"product_tag":[],"class_list":{"0":"post-26293","1":"product","2":"type-product","3":"status-publish","4":"has-post-thumbnail","6":"product_brand-sport_vision","7":"product_cat-zenske-cizme","9":"first","10":"instock","11":"sale","12":"shipping-taxable","13":"product-type-external"},"jetpack-related-posts":[],"jetpack_sharing_enabled":true,"_links":{"self":[{"href":"https:\/\/cipele.ba\/en\/wp-json\/wp\/v2\/product\/26293","targetHints":{"allow":["GET"]}}],"collection":[{"href":"https:\/\/cipele.ba\/en\/wp-json\/wp\/v2\/product"}],"about":[{"href":"https:\/\/cipele.ba\/en\/wp-json\/wp\/v2\/types\/product"}],"wp:featuredmedia":[{"embeddable":true,"href":"https:\/\/cipele.ba\/en\/wp-json\/wp\/v2\/media\/26291"}],"wp:attachment":[{"href":"https:\/\/cipele.ba\/en\/wp-json\/wp\/v2\/media?parent=26293"}],"wp:term":[{"taxonomy":"product_brand","embeddable":true,"href":"https:\/\/cipele.ba\/en\/wp-json\/wp\/v2\/product_brand?post=26293"},{"taxonomy":"product_cat","embeddable":true,"href":"https:\/\/cipele.ba\/en\/wp-json\/wp\/v2\/product_cat?post=26293"},{"taxonomy":"product_tag","embeddable":true,"href":"https:\/\/cipele.ba\/en\/wp-json\/wp\/v2\/product_tag?post=26293"}],"curies":[{"name":"wp","href":"https:\/\/api.w.org\/{rel}","templated":true}]}}