{"id":26296,"date":"2025-10-13T22:07:13","date_gmt":"2025-10-13T22:07:13","guid":{"rendered":"https:\/\/cipele.ba\/shop\/uncategorized\/the-north-face-thermoball-lace-up\/"},"modified":"2026-04-18T18:41:07","modified_gmt":"2026-04-18T18:41:07","slug":"the-north-face-thermoball-lace-up","status":"publish","type":"product","link":"https:\/\/cipele.ba\/en\/shop\/zene\/zenske-cizme\/the-north-face-thermoball-lace-up\/","title":{"rendered":"The North Face Thermoball Lace Up"},"content":{"rendered":"<\/p>\n<p> Pru\u017eite sebi toplinu, za\u0161titu i udobnost tokom hladnih dana sa The North Face THERMOBALL LACE UP \u017eenskim outdoor \u010dizmama. <\/p>\n<p> Lagane i vodootporne, ove \u010dizme imaju dugotrajno gornji\u0161te od recikliranog ripstopa. Topla ThermoBall\u2122 Eco izolacija vam nudi za\u0161titu tokom svih outdoor aktivnosti. Vodootporna DryVent\u2122 konstrukcija kao i izdr\u017eljiva zavr\u0161na obrada poma\u017eu da stopala ostanu suva. TNF brendirane pertle sa obe strane obezbje\u0111uju lako obuvanje dok band\u017ei u\u010dkur na vrhu \u010dizme sprije\u010dava ulazak snijega. OrthoLite\u00ae gazi\u0161te je tu kako bi vam svaki korak bio mek i prijatan dok gumeni \u0111on nudi odli\u010dno prianjanje i spre\u010dava klizanje. <\/p>\n<p> Specifikacija: <\/p>\n<li> Dubok profil <\/li>\n<li> ThermoBall\u2122 Eco izolacija <\/li>\n<li> Vodootporna DryVent\u2122 konstrukcija <\/li>\n<li> TNF brendirane pertle <\/li>\n<li> Band\u017ei u\u010dkur na vrhu \u010dizme <\/li>\n<li> OrthoLite\u00ae gazi\u0161te <\/li>\n<li> Gumeni \u0111on <\/li>","protected":false},"excerpt":{"rendered":"<p>Pru\u017eite sebi toplinu, za\u0161titu i udobnost tokom hladnih dana sa The North Face THERMOBALL LACE UP \u017eenskim outdoor \u010dizmama. Lagane i vodootporne, ove \u010dizme imaju dugotrajno gornji\u0161te od recikliranog ripstopa. Topla ThermoBall\u2122 Eco izolacija vam nudi za\u0161titu tokom svih outdoor aktivnosti. Vodootporna DryVent\u2122 konstrukcija kao i izdr\u017eljiva zavr\u0161na obrada poma\u017eu da stopala ostanu suva. TNF [&hellip;]<\/p>","protected":false},"featured_media":26295,"template":"","meta":{"jetpack_post_was_ever_published":false},"product_brand":[94],"product_cat":[81],"product_tag":[],"class_list":{"0":"post-26296","1":"product","2":"type-product","3":"status-publish","4":"has-post-thumbnail","6":"product_brand-sport_vision","7":"product_cat-zenske-cizme","9":"first","10":"instock","11":"sale","12":"shipping-taxable","13":"product-type-external"},"jetpack-related-posts":[],"jetpack_sharing_enabled":true,"_links":{"self":[{"href":"https:\/\/cipele.ba\/en\/wp-json\/wp\/v2\/product\/26296","targetHints":{"allow":["GET"]}}],"collection":[{"href":"https:\/\/cipele.ba\/en\/wp-json\/wp\/v2\/product"}],"about":[{"href":"https:\/\/cipele.ba\/en\/wp-json\/wp\/v2\/types\/product"}],"wp:featuredmedia":[{"embeddable":true,"href":"https:\/\/cipele.ba\/en\/wp-json\/wp\/v2\/media\/26295"}],"wp:attachment":[{"href":"https:\/\/cipele.ba\/en\/wp-json\/wp\/v2\/media?parent=26296"}],"wp:term":[{"taxonomy":"product_brand","embeddable":true,"href":"https:\/\/cipele.ba\/en\/wp-json\/wp\/v2\/product_brand?post=26296"},{"taxonomy":"product_cat","embeddable":true,"href":"https:\/\/cipele.ba\/en\/wp-json\/wp\/v2\/product_cat?post=26296"},{"taxonomy":"product_tag","embeddable":true,"href":"https:\/\/cipele.ba\/en\/wp-json\/wp\/v2\/product_tag?post=26296"}],"curies":[{"name":"wp","href":"https:\/\/api.w.org\/{rel}","templated":true}]}}