{"id":26304,"date":"2025-10-13T22:07:16","date_gmt":"2025-10-13T22:07:16","guid":{"rendered":"https:\/\/cipele.ba\/shop\/uncategorized\/skechers-synergy\/"},"modified":"2026-04-18T17:29:57","modified_gmt":"2026-04-18T17:29:57","slug":"skechers-synergy","status":"publish","type":"product","link":"https:\/\/cipele.ba\/en\/shop\/zene\/zenske-cizme\/skechers-synergy\/","title":{"rendered":"Skechers SYNERGY"},"content":{"rendered":"<\/p>\n<p> Skechers Synergy \u017eenske zimske \u010dizme savr\u0161eno zaokru\u017euju svaki va\u0161 zimski outfit. <\/p>\n<p> Ove kra\u0107e \u010dizme postavljene su vje\u0161ta\u010dkim krznom, pa nude udobnost i toplinu. Njihovo gornji\u0161te se lako odr\u017eava a kai\u0161 sa kop\u010dom iznad predjela pete omogu\u0107ava prilago\u0111avanje pristajanja. Istovremeno jednostavne a atraktivne, ove \u010dizme vam nude meko\u0107u koraka i dobar izgled. <\/p>\n<p> Specifikacija: <\/p>\n<li> Postava od vje\u0161ta\u010dkog krzna <\/li>\n<li> Kai\u0161 sa kop\u010dom iznad predjela pete <\/li>\n<li> \u0110on sa dubokim \u017eljebovima <\/li>","protected":false},"excerpt":{"rendered":"<p>Skechers Synergy \u017eenske zimske \u010dizme savr\u0161eno zaokru\u017euju svaki va\u0161 zimski outfit. Ove kra\u0107e \u010dizme postavljene su vje\u0161ta\u010dkim krznom, pa nude udobnost i toplinu. Njihovo gornji\u0161te se lako odr\u017eava a kai\u0161 sa kop\u010dom iznad predjela pete omogu\u0107ava prilago\u0111avanje pristajanja. Istovremeno jednostavne a atraktivne, ove \u010dizme vam nude meko\u0107u koraka i dobar izgled. Specifikacija: Postava od vje\u0161ta\u010dkog [&hellip;]<\/p>","protected":false},"featured_media":26303,"template":"","meta":{"jetpack_post_was_ever_published":false},"product_brand":[94],"product_cat":[81],"product_tag":[],"class_list":{"0":"post-26304","1":"product","2":"type-product","3":"status-publish","4":"has-post-thumbnail","6":"product_brand-sport_vision","7":"product_cat-zenske-cizme","9":"first","10":"instock","11":"sale","12":"shipping-taxable","13":"product-type-external"},"jetpack-related-posts":[],"jetpack_sharing_enabled":true,"_links":{"self":[{"href":"https:\/\/cipele.ba\/en\/wp-json\/wp\/v2\/product\/26304","targetHints":{"allow":["GET"]}}],"collection":[{"href":"https:\/\/cipele.ba\/en\/wp-json\/wp\/v2\/product"}],"about":[{"href":"https:\/\/cipele.ba\/en\/wp-json\/wp\/v2\/types\/product"}],"wp:featuredmedia":[{"embeddable":true,"href":"https:\/\/cipele.ba\/en\/wp-json\/wp\/v2\/media\/26303"}],"wp:attachment":[{"href":"https:\/\/cipele.ba\/en\/wp-json\/wp\/v2\/media?parent=26304"}],"wp:term":[{"taxonomy":"product_brand","embeddable":true,"href":"https:\/\/cipele.ba\/en\/wp-json\/wp\/v2\/product_brand?post=26304"},{"taxonomy":"product_cat","embeddable":true,"href":"https:\/\/cipele.ba\/en\/wp-json\/wp\/v2\/product_cat?post=26304"},{"taxonomy":"product_tag","embeddable":true,"href":"https:\/\/cipele.ba\/en\/wp-json\/wp\/v2\/product_tag?post=26304"}],"curies":[{"name":"wp","href":"https:\/\/api.w.org\/{rel}","templated":true}]}}