{"id":26322,"date":"2025-10-13T22:07:25","date_gmt":"2025-10-13T22:07:25","guid":{"rendered":"https:\/\/cipele.ba\/shop\/uncategorized\/moon-boot-glance-platinum\/"},"modified":"2026-04-18T21:21:20","modified_gmt":"2026-04-18T21:21:20","slug":"moon-boot-glance-platinum","status":"publish","type":"product","link":"https:\/\/cipele.ba\/en\/shop\/zene\/zenske-cizme\/moon-boot-glance-platinum\/","title":{"rendered":"Moon Boot GLANCE PLATINUM"},"content":{"rendered":"<\/p>\n<p>MOON BOOT GLANCE PLATINUM \u017eenske lifestyle \u010dizme koje su insipirisane sletanjem na Mesec 1969. godine. <\/p>\n<p>Postale su popularne u godinama nakon Apollo 11 sletanja na Mesec i vratile se kao retrofuturisti\u010dki trend po\u010detkom 2000-ih. Kreirane su u 13 razigranih, jakih boja i nose na sebi prepoznatljivi Moon Boot natpis. One su sve, samo ne suptilne, sli\u010dnog izgleda kao obu\u0107a za snoubording. Dose\u017eu ne\u0161to preko listova osvajaju\u0107i svojim pufnastim, \u0161irokim izgledom. Punjene debelim slojem poliestera kao izolacionog materijala, ove \u010dizme su \u0161okantno tople i odr\u017eava\u0107e tvoje prste zagrijanim, \u010dak i kada stoji\u0161 duboko u snijegu. Izuzetno su lagane za izuvanje i obuvanje kada ide\u0161 do grada ili se preobuva\u0161 nakon dugog dana punog skijanja, a ako odgovaraju tvom stilu, nesumnjivo \u0107e\u0161 ih obo\u017eavati.<\/p>\n<p> Specifikacija: <\/p>\n<li> \u017denske lifestyle \u010dizme <\/li>\n<li> Pertlanje<\/li>\n<li>MOON BOOT logo<\/li>\n<li> Gumeni \u0111on <\/li>","protected":false},"excerpt":{"rendered":"<p>MOON BOOT GLANCE PLATINUM \u017eenske lifestyle \u010dizme koje su insipirisane sletanjem na Mesec 1969. godine. Postale su popularne u godinama nakon Apollo 11 sletanja na Mesec i vratile se kao retrofuturisti\u010dki trend po\u010detkom 2000-ih. Kreirane su u 13 razigranih, jakih boja i nose na sebi prepoznatljivi Moon Boot natpis. One su sve, samo ne suptilne, [&hellip;]<\/p>","protected":false},"featured_media":26321,"template":"","meta":{"jetpack_post_was_ever_published":false},"product_brand":[94],"product_cat":[81],"product_tag":[],"class_list":{"0":"post-26322","1":"product","2":"type-product","3":"status-publish","4":"has-post-thumbnail","6":"product_brand-sport_vision","7":"product_cat-zenske-cizme","9":"first","10":"instock","11":"sale","12":"shipping-taxable","13":"product-type-external"},"jetpack-related-posts":[],"jetpack_sharing_enabled":true,"_links":{"self":[{"href":"https:\/\/cipele.ba\/en\/wp-json\/wp\/v2\/product\/26322","targetHints":{"allow":["GET"]}}],"collection":[{"href":"https:\/\/cipele.ba\/en\/wp-json\/wp\/v2\/product"}],"about":[{"href":"https:\/\/cipele.ba\/en\/wp-json\/wp\/v2\/types\/product"}],"wp:featuredmedia":[{"embeddable":true,"href":"https:\/\/cipele.ba\/en\/wp-json\/wp\/v2\/media\/26321"}],"wp:attachment":[{"href":"https:\/\/cipele.ba\/en\/wp-json\/wp\/v2\/media?parent=26322"}],"wp:term":[{"taxonomy":"product_brand","embeddable":true,"href":"https:\/\/cipele.ba\/en\/wp-json\/wp\/v2\/product_brand?post=26322"},{"taxonomy":"product_cat","embeddable":true,"href":"https:\/\/cipele.ba\/en\/wp-json\/wp\/v2\/product_cat?post=26322"},{"taxonomy":"product_tag","embeddable":true,"href":"https:\/\/cipele.ba\/en\/wp-json\/wp\/v2\/product_tag?post=26322"}],"curies":[{"name":"wp","href":"https:\/\/api.w.org\/{rel}","templated":true}]}}