{"id":26615,"date":"2025-10-13T22:29:00","date_gmt":"2025-10-13T22:29:00","guid":{"rendered":"https:\/\/cipele.ba\/shop\/uncategorized\/nike-kd18\/"},"modified":"2026-04-15T23:49:22","modified_gmt":"2026-04-15T23:49:22","slug":"nike-kd18","status":"publish","type":"product","link":"https:\/\/cipele.ba\/en\/shop\/muskarci\/muske-patike\/nike-kd18\/","title":{"rendered":"Nike KD18"},"content":{"rendered":"<\/p>\n<p> Nike KD18 mu\u0161ke patike za ko\u0161arku namijenjene su igra\u010dima koji donose neumornu energiju \u2013 kombinuju ultrareaktivno ubla\u017eavanje, stabilnost i laganu prozra\u010dnost kako biste ostali svje\u017ei i eksplozivni tokom cijele utakmice.<\/p>\n<\/p>\n<p> <b> Detalji <\/b> <\/p>\n<li> Velika Air Zoom jedinica u prednjem dijelu donosi sna\u017ean odskok i eksplozivnu energiju \u2013 bilo da sprintate u tranziciji ili pravite prvi korak <\/li>\n<li> Mekana pjena dodaje udobnost i omogu\u0107ava glatku vo\u017enju od po\u010detka do kraja me\u010da <\/li>\n<li> Nike Air ubla\u017eavanje udaraca u peti pove\u0107ava odskok i komfor <\/li>\n<li> Fleksibilna plasti\u010dna plo\u010da ispod stopala radi zajedno sa Zoom jedinicom za dodatnu reaktivnost i kontrolu <\/li>\n<li> \u010cvrsta plasti\u010dna konstrukcija obavija obe strane stopala radi bo\u010dne podr\u0161ke i stabilnosti pri sje\u010denjima, prodorima i odbrambenim kretnjama <\/li>\n<li> Perforisano gornji\u0161te smanjuje ukupnu te\u017einu i maksimizuje protok vazduha <\/li>","protected":false},"excerpt":{"rendered":"<p>Nike KD18 mu\u0161ke patike za ko\u0161arku namijenjene su igra\u010dima koji donose neumornu energiju \u2013 kombinuju ultrareaktivno ubla\u017eavanje, stabilnost i laganu prozra\u010dnost kako biste ostali svje\u017ei i eksplozivni tokom cijele utakmice. Detalji Velika Air Zoom jedinica u prednjem dijelu donosi sna\u017ean odskok i eksplozivnu energiju \u2013 bilo da sprintate u tranziciji ili pravite prvi korak Mekana [&hellip;]<\/p>","protected":false},"featured_media":26612,"template":"","meta":{"jetpack_post_was_ever_published":false},"product_brand":[94],"product_cat":[67],"product_tag":[],"class_list":{"0":"post-26615","1":"product","2":"type-product","3":"status-publish","4":"has-post-thumbnail","6":"product_brand-sport_vision","7":"product_cat-muske-patike","9":"first","10":"instock","11":"sale","12":"shipping-taxable","13":"product-type-external"},"jetpack-related-posts":[],"jetpack_sharing_enabled":true,"_links":{"self":[{"href":"https:\/\/cipele.ba\/en\/wp-json\/wp\/v2\/product\/26615","targetHints":{"allow":["GET"]}}],"collection":[{"href":"https:\/\/cipele.ba\/en\/wp-json\/wp\/v2\/product"}],"about":[{"href":"https:\/\/cipele.ba\/en\/wp-json\/wp\/v2\/types\/product"}],"wp:featuredmedia":[{"embeddable":true,"href":"https:\/\/cipele.ba\/en\/wp-json\/wp\/v2\/media\/26612"}],"wp:attachment":[{"href":"https:\/\/cipele.ba\/en\/wp-json\/wp\/v2\/media?parent=26615"}],"wp:term":[{"taxonomy":"product_brand","embeddable":true,"href":"https:\/\/cipele.ba\/en\/wp-json\/wp\/v2\/product_brand?post=26615"},{"taxonomy":"product_cat","embeddable":true,"href":"https:\/\/cipele.ba\/en\/wp-json\/wp\/v2\/product_cat?post=26615"},{"taxonomy":"product_tag","embeddable":true,"href":"https:\/\/cipele.ba\/en\/wp-json\/wp\/v2\/product_tag?post=26615"}],"curies":[{"name":"wp","href":"https:\/\/api.w.org\/{rel}","templated":true}]}}