{"id":26635,"date":"2025-10-13T22:29:10","date_gmt":"2025-10-13T22:29:10","guid":{"rendered":"https:\/\/cipele.ba\/shop\/uncategorized\/under-armour-charged-bandit-tr-3\/"},"modified":"2026-04-19T01:03:04","modified_gmt":"2026-04-19T01:03:04","slug":"under-armour-charged-bandit-tr-3","status":"publish","type":"product","link":"https:\/\/cipele.ba\/en\/shop\/muskarci\/muske-patike\/under-armour-charged-bandit-tr-3\/","title":{"rendered":"Under Armour Charged Bandit TR 3"},"content":{"rendered":"<p> Under Armour Charged Bandit TR 3 su mu\u0161ke patike za tr\u010danje specijalno napravljene za tr\u010danje na stazi, uz nevjerovatnu amortizaciju, trakciju koja prianja \u010dak i na blatnjave terene i dodatnu za\u0161titu potrebnu trka\u010dima da nastave dalje. <\/p>\n<\/p>\n<p> <b> DETALJI <\/b> <\/p>\n<li> Lagano, konstruisano mre\u017easto gornji\u0161te u dvije boje za ve\u0107u ventilaciju <\/li>\n<li> Strate\u0161ki slojevi za dodatnu izdr\u017eljivost i za\u0161titu u oblastima visoke abrazije <\/li>\n<li> Oblikovani ulo\u017eak <\/li>\n<li> Charged Cushioning\u00ae srednji \u0111on <\/li>\n<li> Izdr\u017eljiv spoljni \u0111on sa tehni\u010dkim kramponima <\/li>","protected":false},"excerpt":{"rendered":"<p>Under Armour Charged Bandit TR 3 su mu\u0161ke patike za tr\u010danje specijalno napravljene za tr\u010danje na stazi, uz nevjerovatnu amortizaciju, trakciju koja prianja \u010dak i na blatnjave terene i dodatnu za\u0161titu potrebnu trka\u010dima da nastave dalje. DETALJI Lagano, konstruisano mre\u017easto gornji\u0161te u dvije boje za ve\u0107u ventilaciju Strate\u0161ki slojevi za dodatnu izdr\u017eljivost i za\u0161titu u [&hellip;]<\/p>","protected":false},"featured_media":26633,"template":"","meta":{"jetpack_post_was_ever_published":false},"product_brand":[94],"product_cat":[67],"product_tag":[],"class_list":{"0":"post-26635","1":"product","2":"type-product","3":"status-publish","4":"has-post-thumbnail","6":"product_brand-sport_vision","7":"product_cat-muske-patike","9":"first","10":"instock","11":"sale","12":"shipping-taxable","13":"product-type-external"},"jetpack-related-posts":[],"jetpack_sharing_enabled":true,"_links":{"self":[{"href":"https:\/\/cipele.ba\/en\/wp-json\/wp\/v2\/product\/26635","targetHints":{"allow":["GET"]}}],"collection":[{"href":"https:\/\/cipele.ba\/en\/wp-json\/wp\/v2\/product"}],"about":[{"href":"https:\/\/cipele.ba\/en\/wp-json\/wp\/v2\/types\/product"}],"wp:featuredmedia":[{"embeddable":true,"href":"https:\/\/cipele.ba\/en\/wp-json\/wp\/v2\/media\/26633"}],"wp:attachment":[{"href":"https:\/\/cipele.ba\/en\/wp-json\/wp\/v2\/media?parent=26635"}],"wp:term":[{"taxonomy":"product_brand","embeddable":true,"href":"https:\/\/cipele.ba\/en\/wp-json\/wp\/v2\/product_brand?post=26635"},{"taxonomy":"product_cat","embeddable":true,"href":"https:\/\/cipele.ba\/en\/wp-json\/wp\/v2\/product_cat?post=26635"},{"taxonomy":"product_tag","embeddable":true,"href":"https:\/\/cipele.ba\/en\/wp-json\/wp\/v2\/product_tag?post=26635"}],"curies":[{"name":"wp","href":"https:\/\/api.w.org\/{rel}","templated":true}]}}