{"id":26671,"date":"2025-10-13T22:29:29","date_gmt":"2025-10-13T22:29:29","guid":{"rendered":"https:\/\/cipele.ba\/shop\/uncategorized\/mont-cope-2\/"},"modified":"2026-04-18T20:09:41","modified_gmt":"2026-04-18T20:09:41","slug":"mont-cope-2","status":"publish","type":"product","link":"https:\/\/cipele.ba\/en\/shop\/muskarci\/muske-patike\/mont-cope-2\/","title":{"rendered":"Mont Cope"},"content":{"rendered":"<\/p>\n<p>Mont Cope su mu\u0161ke lifestyle patike koje spajaju moderan uli\u010dni stil i cjelodnevnu udobnost.<\/p>\n<\/p>\n<p> <b> Detalji <\/b> <\/p>\n<li>Izdr\u017eljiva konstrukcija gornji\u0161ta za dugotrajno no\u0161enje <\/li>\n<li>Lagani dizajn za cjelodnevnu udobnost <\/li>\n<li>Teksturisani spoljni \u0111on pru\u017ea pouzdano prianjanje <\/li>\n<li>Prilagodljiv look koji se lako kombinuje sa svakodnevnim autfitima <\/li>\n<li> Prakti\u010dni jezi\u010dak na peti za lako obuvanje i izuvanje<\/li>\n<li>Prepoznatljiv Buzz brend dodaje elegantan detalj <\/li>","protected":false},"excerpt":{"rendered":"<p>Mont Cope su mu\u0161ke lifestyle patike koje spajaju moderan uli\u010dni stil i cjelodnevnu udobnost. Detalji Izdr\u017eljiva konstrukcija gornji\u0161ta za dugotrajno no\u0161enje Lagani dizajn za cjelodnevnu udobnost Teksturisani spoljni \u0111on pru\u017ea pouzdano prianjanje Prilagodljiv look koji se lako kombinuje sa svakodnevnim autfitima Prakti\u010dni jezi\u010dak na peti za lako obuvanje i izuvanje Prepoznatljiv Buzz brend dodaje elegantan [&hellip;]<\/p>","protected":false},"featured_media":26669,"template":"","meta":{"jetpack_post_was_ever_published":false},"product_brand":[94],"product_cat":[67],"product_tag":[],"class_list":{"0":"post-26671","1":"product","2":"type-product","3":"status-publish","4":"has-post-thumbnail","6":"product_brand-sport_vision","7":"product_cat-muske-patike","9":"first","10":"instock","11":"sale","12":"shipping-taxable","13":"product-type-external"},"jetpack-related-posts":[],"jetpack_sharing_enabled":true,"_links":{"self":[{"href":"https:\/\/cipele.ba\/en\/wp-json\/wp\/v2\/product\/26671","targetHints":{"allow":["GET"]}}],"collection":[{"href":"https:\/\/cipele.ba\/en\/wp-json\/wp\/v2\/product"}],"about":[{"href":"https:\/\/cipele.ba\/en\/wp-json\/wp\/v2\/types\/product"}],"wp:featuredmedia":[{"embeddable":true,"href":"https:\/\/cipele.ba\/en\/wp-json\/wp\/v2\/media\/26669"}],"wp:attachment":[{"href":"https:\/\/cipele.ba\/en\/wp-json\/wp\/v2\/media?parent=26671"}],"wp:term":[{"taxonomy":"product_brand","embeddable":true,"href":"https:\/\/cipele.ba\/en\/wp-json\/wp\/v2\/product_brand?post=26671"},{"taxonomy":"product_cat","embeddable":true,"href":"https:\/\/cipele.ba\/en\/wp-json\/wp\/v2\/product_cat?post=26671"},{"taxonomy":"product_tag","embeddable":true,"href":"https:\/\/cipele.ba\/en\/wp-json\/wp\/v2\/product_tag?post=26671"}],"curies":[{"name":"wp","href":"https:\/\/api.w.org\/{rel}","templated":true}]}}