{"id":26676,"date":"2025-10-13T22:29:32","date_gmt":"2025-10-13T22:29:32","guid":{"rendered":"https:\/\/cipele.ba\/shop\/uncategorized\/nike-air-max-alpha-trainer-6\/"},"modified":"2026-04-18T13:28:37","modified_gmt":"2026-04-18T13:28:37","slug":"nike-air-max-alpha-trainer-6","status":"publish","type":"product","link":"https:\/\/cipele.ba\/en\/shop\/muskarci\/muske-patike\/nike-air-max-alpha-trainer-6\/","title":{"rendered":"Nike Air Max Alpha Trainer 6"},"content":{"rendered":"<\/p>\n<p> Svaki fizi\u010dki aktivni mu\u0161karac zna koliko je udobna i funkcionalna obu\u0107a bitna za postizanje najboljih rezultata u teretani. Uspjeh vas ne\u0107e zaobi\u0107i u Nike Air Max Alpha Trainer 6 mu\u0161kim patikama za trening. <\/p>\n<\/p>\n<p> <b> Detalji <\/b> <\/p>\n<li> Sna\u017ena peta, oja\u010dana vidljivom Air amortizacijom, pru\u017ea pouzdanu stabilnost kada ponavljate vje\u017ebe <\/li>\n<li> Ravan, \u0161irok \u0111on sa optimalnom \u0161arom na gumi pru\u017ea trakciju <\/li>\n<li> Amortizacija ispod prstiju i pete vam poma\u017ee da ubla\u017eite udare tokom vje\u017ebanja <\/li>\n<li> Pjenasti srednji \u0111on <\/li>","protected":false},"excerpt":{"rendered":"<p>Svaki fizi\u010dki aktivni mu\u0161karac zna koliko je udobna i funkcionalna obu\u0107a bitna za postizanje najboljih rezultata u teretani. Uspjeh vas ne\u0107e zaobi\u0107i u Nike Air Max Alpha Trainer 6 mu\u0161kim patikama za trening. Detalji Sna\u017ena peta, oja\u010dana vidljivom Air amortizacijom, pru\u017ea pouzdanu stabilnost kada ponavljate vje\u017ebe Ravan, \u0161irok \u0111on sa optimalnom \u0161arom na gumi pru\u017ea [&hellip;]<\/p>","protected":false},"featured_media":26674,"template":"","meta":{"jetpack_post_was_ever_published":false},"product_brand":[94],"product_cat":[67],"product_tag":[],"class_list":{"0":"post-26676","1":"product","2":"type-product","3":"status-publish","4":"has-post-thumbnail","6":"product_brand-sport_vision","7":"product_cat-muske-patike","9":"first","10":"instock","11":"sale","12":"shipping-taxable","13":"product-type-external"},"jetpack-related-posts":[],"jetpack_sharing_enabled":true,"_links":{"self":[{"href":"https:\/\/cipele.ba\/en\/wp-json\/wp\/v2\/product\/26676","targetHints":{"allow":["GET"]}}],"collection":[{"href":"https:\/\/cipele.ba\/en\/wp-json\/wp\/v2\/product"}],"about":[{"href":"https:\/\/cipele.ba\/en\/wp-json\/wp\/v2\/types\/product"}],"wp:featuredmedia":[{"embeddable":true,"href":"https:\/\/cipele.ba\/en\/wp-json\/wp\/v2\/media\/26674"}],"wp:attachment":[{"href":"https:\/\/cipele.ba\/en\/wp-json\/wp\/v2\/media?parent=26676"}],"wp:term":[{"taxonomy":"product_brand","embeddable":true,"href":"https:\/\/cipele.ba\/en\/wp-json\/wp\/v2\/product_brand?post=26676"},{"taxonomy":"product_cat","embeddable":true,"href":"https:\/\/cipele.ba\/en\/wp-json\/wp\/v2\/product_cat?post=26676"},{"taxonomy":"product_tag","embeddable":true,"href":"https:\/\/cipele.ba\/en\/wp-json\/wp\/v2\/product_tag?post=26676"}],"curies":[{"name":"wp","href":"https:\/\/api.w.org\/{rel}","templated":true}]}}