{"id":26677,"date":"2025-10-13T22:29:32","date_gmt":"2025-10-13T22:29:32","guid":{"rendered":"https:\/\/cipele.ba\/shop\/uncategorized\/nike-c1ty-prm\/"},"modified":"2026-04-16T07:59:56","modified_gmt":"2026-04-16T07:59:56","slug":"nike-c1ty-prm","status":"publish","type":"product","link":"https:\/\/cipele.ba\/en\/shop\/muskarci\/muske-patike\/nike-c1ty-prm\/","title":{"rendered":"Nike C1TY PRM"},"content":{"rendered":"<\/p>\n<p> Nike C1TY PRM mu\u0161ke patike kombinuju Cordura tkaninu sa oja\u010danim detaljima kako bi izdr\u017eale sve izazove gradskih ulica. <\/p>\n<\/p>\n<p> <b> Detalji <\/b> <\/p>\n<li> Gornji\u0161te od Cordura materijala, antilopa i mre\u017ee pru\u017ea prozra\u010dnost i robusnu za\u0161titu <\/li>\n<li> Oja\u010dano podru\u010dje prstiju i gumeni bo\u010dni zidovi dodaju izdr\u017eljivost <\/li>\n<li> Pjena u me\u0111upotplatu i konstrukcija sa jednodijelnim \u0111onom daju udobnost i podr\u0161ku tokom cijelog dana <\/li>\n<li> Waffle \u0111on sa dvostrukom tvrdo\u0107om i gumenim \u010depovima osigurava pouzdan hvat na razli\u010ditim gradskim podlogama <\/li>","protected":false},"excerpt":{"rendered":"<p>Nike C1TY PRM mu\u0161ke patike kombinuju Cordura tkaninu sa oja\u010danim detaljima kako bi izdr\u017eale sve izazove gradskih ulica. Detalji Gornji\u0161te od Cordura materijala, antilopa i mre\u017ee pru\u017ea prozra\u010dnost i robusnu za\u0161titu Oja\u010dano podru\u010dje prstiju i gumeni bo\u010dni zidovi dodaju izdr\u017eljivost Pjena u me\u0111upotplatu i konstrukcija sa jednodijelnim \u0111onom daju udobnost i podr\u0161ku tokom cijelog dana [&hellip;]<\/p>","protected":false},"featured_media":26675,"template":"","meta":{"jetpack_post_was_ever_published":false},"product_brand":[94],"product_cat":[67],"product_tag":[],"class_list":{"0":"post-26677","1":"product","2":"type-product","3":"status-publish","4":"has-post-thumbnail","6":"product_brand-sport_vision","7":"product_cat-muske-patike","9":"first","10":"instock","11":"sale","12":"shipping-taxable","13":"product-type-external"},"jetpack-related-posts":[],"jetpack_sharing_enabled":true,"_links":{"self":[{"href":"https:\/\/cipele.ba\/en\/wp-json\/wp\/v2\/product\/26677","targetHints":{"allow":["GET"]}}],"collection":[{"href":"https:\/\/cipele.ba\/en\/wp-json\/wp\/v2\/product"}],"about":[{"href":"https:\/\/cipele.ba\/en\/wp-json\/wp\/v2\/types\/product"}],"wp:featuredmedia":[{"embeddable":true,"href":"https:\/\/cipele.ba\/en\/wp-json\/wp\/v2\/media\/26675"}],"wp:attachment":[{"href":"https:\/\/cipele.ba\/en\/wp-json\/wp\/v2\/media?parent=26677"}],"wp:term":[{"taxonomy":"product_brand","embeddable":true,"href":"https:\/\/cipele.ba\/en\/wp-json\/wp\/v2\/product_brand?post=26677"},{"taxonomy":"product_cat","embeddable":true,"href":"https:\/\/cipele.ba\/en\/wp-json\/wp\/v2\/product_cat?post=26677"},{"taxonomy":"product_tag","embeddable":true,"href":"https:\/\/cipele.ba\/en\/wp-json\/wp\/v2\/product_tag?post=26677"}],"curies":[{"name":"wp","href":"https:\/\/api.w.org\/{rel}","templated":true}]}}