{"id":26680,"date":"2025-10-13T22:29:34","date_gmt":"2025-10-13T22:29:34","guid":{"rendered":"https:\/\/cipele.ba\/shop\/uncategorized\/asics-gel-task-4\/"},"modified":"2026-04-16T02:39:37","modified_gmt":"2026-04-16T02:39:37","slug":"asics-gel-task-4","status":"publish","type":"product","link":"https:\/\/cipele.ba\/en\/shop\/muskarci\/muske-patike\/asics-gel-task-4\/","title":{"rendered":"Asics Gel-Task 4"},"content":{"rendered":"<\/p>\n<p> Asics Gel-Task MT 4 mu\u0161ke patike za zatvorene terene imaju prilagodljiv dizajn koji pru\u017ea odli\u010dnu potporu, fleksibilnost i amortizaciju. <\/p>\n<\/p>\n<p> <b> Detalji: <\/b> <\/p>\n<li> Stabilna podr\u0161ka pri pokretima u vi\u0161e smjerova <\/li>\n<li> Izdr\u017eljivi paneli od sinteti\u010dke ko\u017ee i mre\u017eastih elemenata omogu\u0107avaju da va\u0161a stopala ostanu rashla\u0111ena <\/li>\n<li> GEL tehnologija na prstima umanjuje jak udar do kog mo\u017ee da do\u0111e pri skokovima ili naglom zaustavljanju <\/li>","protected":false},"excerpt":{"rendered":"<p>Asics Gel-Task MT 4 mu\u0161ke patike za zatvorene terene imaju prilagodljiv dizajn koji pru\u017ea odli\u010dnu potporu, fleksibilnost i amortizaciju. Detalji: Stabilna podr\u0161ka pri pokretima u vi\u0161e smjerova Izdr\u017eljivi paneli od sinteti\u010dke ko\u017ee i mre\u017eastih elemenata omogu\u0107avaju da va\u0161a stopala ostanu rashla\u0111ena GEL tehnologija na prstima umanjuje jak udar do kog mo\u017ee da do\u0111e pri skokovima [&hellip;]<\/p>","protected":false},"featured_media":26678,"template":"","meta":{"jetpack_post_was_ever_published":false},"product_brand":[94],"product_cat":[67],"product_tag":[],"class_list":{"0":"post-26680","1":"product","2":"type-product","3":"status-publish","4":"has-post-thumbnail","6":"product_brand-sport_vision","7":"product_cat-muske-patike","9":"first","10":"instock","11":"sale","12":"shipping-taxable","13":"product-type-external"},"jetpack-related-posts":[],"jetpack_sharing_enabled":true,"_links":{"self":[{"href":"https:\/\/cipele.ba\/en\/wp-json\/wp\/v2\/product\/26680","targetHints":{"allow":["GET"]}}],"collection":[{"href":"https:\/\/cipele.ba\/en\/wp-json\/wp\/v2\/product"}],"about":[{"href":"https:\/\/cipele.ba\/en\/wp-json\/wp\/v2\/types\/product"}],"wp:featuredmedia":[{"embeddable":true,"href":"https:\/\/cipele.ba\/en\/wp-json\/wp\/v2\/media\/26678"}],"wp:attachment":[{"href":"https:\/\/cipele.ba\/en\/wp-json\/wp\/v2\/media?parent=26680"}],"wp:term":[{"taxonomy":"product_brand","embeddable":true,"href":"https:\/\/cipele.ba\/en\/wp-json\/wp\/v2\/product_brand?post=26680"},{"taxonomy":"product_cat","embeddable":true,"href":"https:\/\/cipele.ba\/en\/wp-json\/wp\/v2\/product_cat?post=26680"},{"taxonomy":"product_tag","embeddable":true,"href":"https:\/\/cipele.ba\/en\/wp-json\/wp\/v2\/product_tag?post=26680"}],"curies":[{"name":"wp","href":"https:\/\/api.w.org\/{rel}","templated":true}]}}