{"id":26682,"date":"2025-10-13T22:29:35","date_gmt":"2025-10-13T22:29:35","guid":{"rendered":"https:\/\/cipele.ba\/shop\/uncategorized\/adidas-terrex-skychaser-ax5\/"},"modified":"2026-04-18T12:27:09","modified_gmt":"2026-04-18T12:27:09","slug":"adidas-terrex-skychaser-ax5","status":"publish","type":"product","link":"https:\/\/cipele.ba\/en\/shop\/muskarci\/muske-patike\/adidas-terrex-skychaser-ax5\/","title":{"rendered":"adidas Terrex Skychaser AX5"},"content":{"rendered":"<\/p>\n<p>Mu\u0161ke adidas Terrex Skychaser AX5 patike za hajking kombinuju potporu i za\u0161titu i dizajnirane su za razli\u010dite terene pod svim vremenskim uslovima.<\/p>\n<\/p>\n<p> <b>Detalji<\/b> <\/p>\n<li>Uobi\u010dajeni kroj s pertlama <\/li>\n<li>Gornji\u0161te od ripstop materijala sa sinteti\u010dkim preklopima <\/li>\n<li>GORE-TEX membrana za vodootpornu, prozra\u010dnu za\u0161titu <\/li>\n<li>Tekstilna postava <\/li>\n<li>LIGHTMOTION EVA srednji \u0111on amortizuje svaki korak<\/li>\n<li>Gornji\u0161te od Continental\u2122 gume za \u010dvrsto prianjanje u vla\u017enim i suvim uslovima <\/li>\n<li>Jezik s oja\u010danjima poma\u017ee u blokiranju prodora vode i otpada\n<\/p>\n<p> <b>Eco story<\/b> <\/li>\n<li>Proizvedeno djelimi\u010dno od recikliranih materijala kako bi se doprinijelo smanjivanju uticaja na \u017eivotnu sredinu. <\/li>","protected":false},"excerpt":{"rendered":"<p>Mu\u0161ke adidas Terrex Skychaser AX5 patike za hajking kombinuju potporu i za\u0161titu i dizajnirane su za razli\u010dite terene pod svim vremenskim uslovima. Detalji Uobi\u010dajeni kroj s pertlama Gornji\u0161te od ripstop materijala sa sinteti\u010dkim preklopima GORE-TEX membrana za vodootpornu, prozra\u010dnu za\u0161titu Tekstilna postava LIGHTMOTION EVA srednji \u0111on amortizuje svaki korak Gornji\u0161te od Continental\u2122 gume za \u010dvrsto [&hellip;]<\/p>","protected":false},"featured_media":26679,"template":"","meta":{"jetpack_post_was_ever_published":false},"product_brand":[94],"product_cat":[67],"product_tag":[],"class_list":{"0":"post-26682","1":"product","2":"type-product","3":"status-publish","4":"has-post-thumbnail","6":"product_brand-sport_vision","7":"product_cat-muske-patike","9":"first","10":"instock","11":"shipping-taxable","12":"product-type-external"},"jetpack-related-posts":[],"jetpack_sharing_enabled":true,"_links":{"self":[{"href":"https:\/\/cipele.ba\/en\/wp-json\/wp\/v2\/product\/26682","targetHints":{"allow":["GET"]}}],"collection":[{"href":"https:\/\/cipele.ba\/en\/wp-json\/wp\/v2\/product"}],"about":[{"href":"https:\/\/cipele.ba\/en\/wp-json\/wp\/v2\/types\/product"}],"wp:featuredmedia":[{"embeddable":true,"href":"https:\/\/cipele.ba\/en\/wp-json\/wp\/v2\/media\/26679"}],"wp:attachment":[{"href":"https:\/\/cipele.ba\/en\/wp-json\/wp\/v2\/media?parent=26682"}],"wp:term":[{"taxonomy":"product_brand","embeddable":true,"href":"https:\/\/cipele.ba\/en\/wp-json\/wp\/v2\/product_brand?post=26682"},{"taxonomy":"product_cat","embeddable":true,"href":"https:\/\/cipele.ba\/en\/wp-json\/wp\/v2\/product_cat?post=26682"},{"taxonomy":"product_tag","embeddable":true,"href":"https:\/\/cipele.ba\/en\/wp-json\/wp\/v2\/product_tag?post=26682"}],"curies":[{"name":"wp","href":"https:\/\/api.w.org\/{rel}","templated":true}]}}