{"id":26686,"date":"2025-10-13T22:29:37","date_gmt":"2025-10-13T22:29:37","guid":{"rendered":"https:\/\/cipele.ba\/shop\/uncategorized\/umbro-diagonal\/"},"modified":"2026-04-18T20:51:17","modified_gmt":"2026-04-18T20:51:17","slug":"umbro-diagonal","status":"publish","type":"product","link":"https:\/\/cipele.ba\/en\/shop\/muskarci\/muske-patike\/umbro-diagonal\/","title":{"rendered":"Umbro Diagonal"},"content":{"rendered":"","protected":false},"excerpt":{"rendered":"<\/p>\n<p> Predstavljamo Umbro Diagonal mu\u0161ke fudbalske patike, evoluciju u obu\u0107i za mu\u0161karce. <\/p>\n<\/p>\n<p> <b> Detalji <\/b> <\/p>\n<li> Pertlanje <\/li>\n<li> Izdr\u017eljivo gornji\u0161te <\/li>\n<li> Gumeni spoljni \u0111on za terene s vje\u0161ta\u010dkom travom <\/li>","protected":false},"featured_media":26684,"template":"","meta":{"jetpack_post_was_ever_published":false},"product_brand":[94],"product_cat":[67],"product_tag":[],"class_list":{"0":"post-26686","1":"product","2":"type-product","3":"status-publish","4":"has-post-thumbnail","6":"product_brand-sport_vision","7":"product_cat-muske-patike","9":"first","10":"instock","11":"sale","12":"shipping-taxable","13":"product-type-external"},"jetpack-related-posts":[],"jetpack_sharing_enabled":true,"_links":{"self":[{"href":"https:\/\/cipele.ba\/en\/wp-json\/wp\/v2\/product\/26686","targetHints":{"allow":["GET"]}}],"collection":[{"href":"https:\/\/cipele.ba\/en\/wp-json\/wp\/v2\/product"}],"about":[{"href":"https:\/\/cipele.ba\/en\/wp-json\/wp\/v2\/types\/product"}],"wp:featuredmedia":[{"embeddable":true,"href":"https:\/\/cipele.ba\/en\/wp-json\/wp\/v2\/media\/26684"}],"wp:attachment":[{"href":"https:\/\/cipele.ba\/en\/wp-json\/wp\/v2\/media?parent=26686"}],"wp:term":[{"taxonomy":"product_brand","embeddable":true,"href":"https:\/\/cipele.ba\/en\/wp-json\/wp\/v2\/product_brand?post=26686"},{"taxonomy":"product_cat","embeddable":true,"href":"https:\/\/cipele.ba\/en\/wp-json\/wp\/v2\/product_cat?post=26686"},{"taxonomy":"product_tag","embeddable":true,"href":"https:\/\/cipele.ba\/en\/wp-json\/wp\/v2\/product_tag?post=26686"}],"curies":[{"name":"wp","href":"https:\/\/api.w.org\/{rel}","templated":true}]}}