{"id":26688,"date":"2025-10-13T22:29:38","date_gmt":"2025-10-13T22:29:38","guid":{"rendered":"https:\/\/cipele.ba\/shop\/uncategorized\/umbro-corte\/"},"modified":"2026-04-18T20:19:48","modified_gmt":"2026-04-18T20:19:48","slug":"umbro-corte","status":"publish","type":"product","link":"https:\/\/cipele.ba\/en\/shop\/muskarci\/muske-patike\/umbro-corte\/","title":{"rendered":"Umbro Corte"},"content":{"rendered":"<\/p>\n<p> Umbro Corte plitke kopa\u010dke za povr\u0161ine na zatvorenim terenima za mu\u0161karce donose novi nivo kontrole ispod stopala i amortizaciju na terenu. <\/p>\n<\/p>\n<p> <b> Detalji <\/b> <\/p>\n<li> Pertlanje <\/li>\n<li> Izdr\u017eljivo gornji\u0161te <\/li>\n<li> Gumeni spoljni \u0111on <\/li>","protected":false},"excerpt":{"rendered":"<p>Umbro Corte plitke kopa\u010dke za povr\u0161ine na zatvorenim terenima za mu\u0161karce donose novi nivo kontrole ispod stopala i amortizaciju na terenu. Detalji Pertlanje Izdr\u017eljivo gornji\u0161te Gumeni spoljni \u0111on<\/p>","protected":false},"featured_media":26685,"template":"","meta":{"jetpack_post_was_ever_published":false},"product_brand":[94],"product_cat":[67],"product_tag":[],"class_list":{"0":"post-26688","1":"product","2":"type-product","3":"status-publish","4":"has-post-thumbnail","6":"product_brand-sport_vision","7":"product_cat-muske-patike","9":"first","10":"instock","11":"sale","12":"shipping-taxable","13":"product-type-external"},"jetpack-related-posts":[],"jetpack_sharing_enabled":true,"_links":{"self":[{"href":"https:\/\/cipele.ba\/en\/wp-json\/wp\/v2\/product\/26688","targetHints":{"allow":["GET"]}}],"collection":[{"href":"https:\/\/cipele.ba\/en\/wp-json\/wp\/v2\/product"}],"about":[{"href":"https:\/\/cipele.ba\/en\/wp-json\/wp\/v2\/types\/product"}],"wp:featuredmedia":[{"embeddable":true,"href":"https:\/\/cipele.ba\/en\/wp-json\/wp\/v2\/media\/26685"}],"wp:attachment":[{"href":"https:\/\/cipele.ba\/en\/wp-json\/wp\/v2\/media?parent=26688"}],"wp:term":[{"taxonomy":"product_brand","embeddable":true,"href":"https:\/\/cipele.ba\/en\/wp-json\/wp\/v2\/product_brand?post=26688"},{"taxonomy":"product_cat","embeddable":true,"href":"https:\/\/cipele.ba\/en\/wp-json\/wp\/v2\/product_cat?post=26688"},{"taxonomy":"product_tag","embeddable":true,"href":"https:\/\/cipele.ba\/en\/wp-json\/wp\/v2\/product_tag?post=26688"}],"curies":[{"name":"wp","href":"https:\/\/api.w.org\/{rel}","templated":true}]}}