{"id":26704,"date":"2025-10-13T22:29:47","date_gmt":"2025-10-13T22:29:47","guid":{"rendered":"https:\/\/cipele.ba\/shop\/uncategorized\/nike-court-vision\/"},"modified":"2026-04-18T10:23:39","modified_gmt":"2026-04-18T10:23:39","slug":"nike-court-vision","status":"publish","type":"product","link":"https:\/\/cipele.ba\/en\/shop\/muskarci\/muske-patike\/nike-court-vision\/","title":{"rendered":"Nike Court Vision"},"content":{"rendered":"<\/p>\n<p> Zaljubljeni ste u klasi\u010dan izgled ko\u0161arke iz &#8216;80-ih, ali volite brzu kulturu dana\u0161nje igre? Upoznajte Nike Court Vision Low mu\u0161ke lifestyle patike. <\/p>\n<\/p>\n<p> <b> Detalji <\/b> <\/p>\n<li> Gornji dio od sinteti\u010dke ko\u017ee omek\u0161ava i dobija vintage karakter s no\u0161enjem <\/li>\n<li> Perforacije na prstima i stranama dodaju prozra\u010dnost <\/li>\n<li> Gumeni \u0111on pru\u017ea izdr\u017eljivo prianjanje <\/li>\n<li> Podstavljeni, nisko rezani ovratnik izgleda elegantno i pru\u017ea odli\u010dan osje\u0107aj <\/li>","protected":false},"excerpt":{"rendered":"<p>Zaljubljeni ste u klasi\u010dan izgled ko\u0161arke iz &#8216;80-ih, ali volite brzu kulturu dana\u0161nje igre? Upoznajte Nike Court Vision Low mu\u0161ke lifestyle patike. Detalji Gornji dio od sinteti\u010dke ko\u017ee omek\u0161ava i dobija vintage karakter s no\u0161enjem Perforacije na prstima i stranama dodaju prozra\u010dnost Gumeni \u0111on pru\u017ea izdr\u017eljivo prianjanje Podstavljeni, nisko rezani ovratnik izgleda elegantno i pru\u017ea [&hellip;]<\/p>","protected":false},"featured_media":26703,"template":"","meta":{"jetpack_post_was_ever_published":false},"product_brand":[94],"product_cat":[67],"product_tag":[],"class_list":{"0":"post-26704","1":"product","2":"type-product","3":"status-publish","4":"has-post-thumbnail","6":"product_brand-sport_vision","7":"product_cat-muske-patike","9":"first","10":"instock","11":"sale","12":"shipping-taxable","13":"product-type-external"},"jetpack-related-posts":[],"jetpack_sharing_enabled":true,"_links":{"self":[{"href":"https:\/\/cipele.ba\/en\/wp-json\/wp\/v2\/product\/26704","targetHints":{"allow":["GET"]}}],"collection":[{"href":"https:\/\/cipele.ba\/en\/wp-json\/wp\/v2\/product"}],"about":[{"href":"https:\/\/cipele.ba\/en\/wp-json\/wp\/v2\/types\/product"}],"wp:featuredmedia":[{"embeddable":true,"href":"https:\/\/cipele.ba\/en\/wp-json\/wp\/v2\/media\/26703"}],"wp:attachment":[{"href":"https:\/\/cipele.ba\/en\/wp-json\/wp\/v2\/media?parent=26704"}],"wp:term":[{"taxonomy":"product_brand","embeddable":true,"href":"https:\/\/cipele.ba\/en\/wp-json\/wp\/v2\/product_brand?post=26704"},{"taxonomy":"product_cat","embeddable":true,"href":"https:\/\/cipele.ba\/en\/wp-json\/wp\/v2\/product_cat?post=26704"},{"taxonomy":"product_tag","embeddable":true,"href":"https:\/\/cipele.ba\/en\/wp-json\/wp\/v2\/product_tag?post=26704"}],"curies":[{"name":"wp","href":"https:\/\/api.w.org\/{rel}","templated":true}]}}