{"id":26706,"date":"2025-10-13T22:29:48","date_gmt":"2025-10-13T22:29:48","guid":{"rendered":"https:\/\/cipele.ba\/shop\/uncategorized\/asics-novablast-5-tokyo\/"},"modified":"2026-04-17T18:37:40","modified_gmt":"2026-04-17T18:37:40","slug":"asics-novablast-5-tokyo","status":"publish","type":"product","link":"https:\/\/cipele.ba\/en\/shop\/muskarci\/muske-patike\/asics-novablast-5-tokyo\/","title":{"rendered":"Asics NOVABLAST\u2122 5 TOKYO"},"content":{"rendered":"<p>NOVABLAST\u2122 5 TOKYO patike za tr\u010danje imaju geometriju srednjeg i spoljnog \u0111ona koja obezbje\u0111uje energi\u010dno kretanje. FF BLAST\u2122 MAX amortizacija pru\u017ea mek\u0161i dodir s tlom i energi\u010dniji odraz tokom treninga. Konstrukcija krila jezika u gornji\u0161tu pobolj\u0161ava prianjanje i smanjuje pomjeranje jezika. Upotpunjuje ga konstruisano mre\u017easto gornji\u0161te koje pru\u017ea ve\u0107u rastegljivost i ventilaciju.<\/p>","protected":false},"excerpt":{"rendered":"<p>NOVABLAST\u2122 5 TOKYO patike za tr\u010danje imaju geometriju srednjeg i spoljnog \u0111ona koja obezbje\u0111uje energi\u010dno kretanje. FF BLAST\u2122 MAX amortizacija pru\u017ea mek\u0161i dodir s tlom i energi\u010dniji odraz tokom treninga. Konstrukcija krila jezika u gornji\u0161tu pobolj\u0161ava prianjanje i smanjuje pomjeranje jezika. Upotpunjuje ga konstruisano mre\u017easto gornji\u0161te koje pru\u017ea ve\u0107u rastegljivost i ventilaciju.<\/p>","protected":false},"featured_media":26705,"template":"","meta":{"jetpack_post_was_ever_published":false},"product_brand":[94],"product_cat":[67],"product_tag":[],"class_list":{"0":"post-26706","1":"product","2":"type-product","3":"status-publish","4":"has-post-thumbnail","6":"product_brand-sport_vision","7":"product_cat-muske-patike","9":"first","10":"instock","11":"sale","12":"shipping-taxable","13":"product-type-external"},"jetpack-related-posts":[],"jetpack_sharing_enabled":true,"_links":{"self":[{"href":"https:\/\/cipele.ba\/en\/wp-json\/wp\/v2\/product\/26706","targetHints":{"allow":["GET"]}}],"collection":[{"href":"https:\/\/cipele.ba\/en\/wp-json\/wp\/v2\/product"}],"about":[{"href":"https:\/\/cipele.ba\/en\/wp-json\/wp\/v2\/types\/product"}],"wp:featuredmedia":[{"embeddable":true,"href":"https:\/\/cipele.ba\/en\/wp-json\/wp\/v2\/media\/26705"}],"wp:attachment":[{"href":"https:\/\/cipele.ba\/en\/wp-json\/wp\/v2\/media?parent=26706"}],"wp:term":[{"taxonomy":"product_brand","embeddable":true,"href":"https:\/\/cipele.ba\/en\/wp-json\/wp\/v2\/product_brand?post=26706"},{"taxonomy":"product_cat","embeddable":true,"href":"https:\/\/cipele.ba\/en\/wp-json\/wp\/v2\/product_cat?post=26706"},{"taxonomy":"product_tag","embeddable":true,"href":"https:\/\/cipele.ba\/en\/wp-json\/wp\/v2\/product_tag?post=26706"}],"curies":[{"name":"wp","href":"https:\/\/api.w.org\/{rel}","templated":true}]}}