{"id":26708,"date":"2025-10-13T22:29:49","date_gmt":"2025-10-13T22:29:49","guid":{"rendered":"https:\/\/cipele.ba\/shop\/uncategorized\/asics-gel-nimbus-27-tr\/"},"modified":"2026-04-15T08:32:09","modified_gmt":"2026-04-15T08:32:09","slug":"asics-gel-nimbus-27-tr","status":"publish","type":"product","link":"https:\/\/cipele.ba\/en\/shop\/muskarci\/muske-patike\/asics-gel-nimbus-27-tr\/","title":{"rendered":"Asics Gel-Nimbus\u2122 27 TR"},"content":{"rendered":"<p>Asics GEL-NIMBUS\u2122 27 TR patike imaju svojstva meke amortizacije, pri \u010demu \u0107ete se osje\u0107ati kao da idete po oblacima. Ovaj dizajn je modernizovan kako bi se pru\u017eio mek\u0161i i prijatniji do\u017eivljaj tr\u010danja. Meko dizajnirano tkano gornji\u0161te udobno obavija va\u0161e stopalo i istovremeno vam pru\u017ea bolju ventilaciju. Osim toga, tkani jezik i rub daju meko\u0107u i potporu. FF BLAST\u2122 PLUS jastu\u010di\u0107i u srednjem \u0111onu ovih patika pru\u017eaju laganiju i prilagodljiviju amortizaciju. Tako\u0111e, dizajn spoljnog \u0111ona prilago\u0111en za staze pru\u017ea bolju trakciju, ve\u0107u meko\u0107u i naprednu izdr\u017eljivost na raznim terenima.<\/p>","protected":false},"excerpt":{"rendered":"<p>Asics GEL-NIMBUS\u2122 27 TR patike imaju svojstva meke amortizacije, pri \u010demu \u0107ete se osje\u0107ati kao da idete po oblacima. Ovaj dizajn je modernizovan kako bi se pru\u017eio mek\u0161i i prijatniji do\u017eivljaj tr\u010danja. Meko dizajnirano tkano gornji\u0161te udobno obavija va\u0161e stopalo i istovremeno vam pru\u017ea bolju ventilaciju. Osim toga, tkani jezik i rub daju meko\u0107u i [&hellip;]<\/p>","protected":false},"featured_media":26707,"template":"","meta":{"jetpack_post_was_ever_published":false},"product_brand":[94],"product_cat":[67],"product_tag":[],"class_list":{"0":"post-26708","1":"product","2":"type-product","3":"status-publish","4":"has-post-thumbnail","6":"product_brand-sport_vision","7":"product_cat-muske-patike","9":"first","10":"instock","11":"sale","12":"shipping-taxable","13":"product-type-external"},"jetpack-related-posts":[],"jetpack_sharing_enabled":true,"_links":{"self":[{"href":"https:\/\/cipele.ba\/en\/wp-json\/wp\/v2\/product\/26708","targetHints":{"allow":["GET"]}}],"collection":[{"href":"https:\/\/cipele.ba\/en\/wp-json\/wp\/v2\/product"}],"about":[{"href":"https:\/\/cipele.ba\/en\/wp-json\/wp\/v2\/types\/product"}],"wp:featuredmedia":[{"embeddable":true,"href":"https:\/\/cipele.ba\/en\/wp-json\/wp\/v2\/media\/26707"}],"wp:attachment":[{"href":"https:\/\/cipele.ba\/en\/wp-json\/wp\/v2\/media?parent=26708"}],"wp:term":[{"taxonomy":"product_brand","embeddable":true,"href":"https:\/\/cipele.ba\/en\/wp-json\/wp\/v2\/product_brand?post=26708"},{"taxonomy":"product_cat","embeddable":true,"href":"https:\/\/cipele.ba\/en\/wp-json\/wp\/v2\/product_cat?post=26708"},{"taxonomy":"product_tag","embeddable":true,"href":"https:\/\/cipele.ba\/en\/wp-json\/wp\/v2\/product_tag?post=26708"}],"curies":[{"name":"wp","href":"https:\/\/api.w.org\/{rel}","templated":true}]}}