{"id":26722,"date":"2025-10-13T22:29:56","date_gmt":"2025-10-13T22:29:56","guid":{"rendered":"https:\/\/cipele.ba\/shop\/uncategorized\/adidas-terrex-skychaser-ax5-2\/"},"modified":"2026-04-20T01:36:06","modified_gmt":"2026-04-20T01:36:06","slug":"adidas-terrex-skychaser-ax5-2","status":"publish","type":"product","link":"https:\/\/cipele.ba\/en\/shop\/muskarci\/muske-patike\/adidas-terrex-skychaser-ax5-2\/","title":{"rendered":"adidas Terrex Skychaser AX5"},"content":{"rendered":"<\/p>\n<p> Ove adidas Terrex Skychaser AX5 Gore-tex mu\u0161ke planinarske cipele su dizajnirane za brzo kretanje po tehni\u010dkom terenu. <\/p>\n<\/p>\n<p> <b> Detalji <\/b> <\/p>\n<li> Vodootporna, prozra\u010dna GORE-TEX membrana koja sprje\u010dava ulazak vlage dok omogu\u0107ava disanje va\u0161ih stopala <\/li>\n<li> Vodootporne planinarske cipele za tehni\u010dki teren <\/li>\n<li> Lagani EVA me\u0111u\u0111on nudi amortizaciju i fleksibilnost za vrhunsku udobnost <\/li>\n<li> Jezik s preklopom kako bi se izbjegao ulazak vode i blata <\/li>\n<li> Continental\u2122 gumeni \u0111on za izvanredno prianjanje u mokrim i suvim uslovima <\/li>\n<li> Ortholite ulo\u017eak pru\u017ea dugotrajnu amortizaciju s antimikrobnom za\u0161titom <\/li>\n<li> Laganost omogu\u0107ava brzinu adidas Lightmotion pru\u017ea super-laganu amortizaciju za kretanje na vi\u0161em nivou <\/li>\n<li> Regularan kroj <\/li>\n<li> Vezanje <\/li>\n<li> Gornji\u0161te od ripstop materijala s preklopima za dodatnu podr\u0161ku <\/li>\n<li> Te\u017eina: 430.1 grama (veli\u010dina UK 8.5) <\/li>\n<li> Pad me\u0111u\u0111ona: 12 mm (peta: 32 mm \/ prednji dio stopala: 20 mm) <\/li>","protected":false},"excerpt":{"rendered":"<p>Ove adidas Terrex Skychaser AX5 Gore-tex mu\u0161ke planinarske cipele su dizajnirane za brzo kretanje po tehni\u010dkom terenu. Detalji Vodootporna, prozra\u010dna GORE-TEX membrana koja sprje\u010dava ulazak vlage dok omogu\u0107ava disanje va\u0161ih stopala Vodootporne planinarske cipele za tehni\u010dki teren Lagani EVA me\u0111u\u0111on nudi amortizaciju i fleksibilnost za vrhunsku udobnost Jezik s preklopom kako bi se izbjegao ulazak [&hellip;]<\/p>","protected":false},"featured_media":26721,"template":"","meta":{"jetpack_post_was_ever_published":false},"product_brand":[94],"product_cat":[67],"product_tag":[],"class_list":{"0":"post-26722","1":"product","2":"type-product","3":"status-publish","4":"has-post-thumbnail","6":"product_brand-sport_vision","7":"product_cat-muske-patike","9":"first","10":"instock","11":"shipping-taxable","12":"product-type-external"},"jetpack-related-posts":[],"jetpack_sharing_enabled":true,"_links":{"self":[{"href":"https:\/\/cipele.ba\/en\/wp-json\/wp\/v2\/product\/26722","targetHints":{"allow":["GET"]}}],"collection":[{"href":"https:\/\/cipele.ba\/en\/wp-json\/wp\/v2\/product"}],"about":[{"href":"https:\/\/cipele.ba\/en\/wp-json\/wp\/v2\/types\/product"}],"wp:featuredmedia":[{"embeddable":true,"href":"https:\/\/cipele.ba\/en\/wp-json\/wp\/v2\/media\/26721"}],"wp:attachment":[{"href":"https:\/\/cipele.ba\/en\/wp-json\/wp\/v2\/media?parent=26722"}],"wp:term":[{"taxonomy":"product_brand","embeddable":true,"href":"https:\/\/cipele.ba\/en\/wp-json\/wp\/v2\/product_brand?post=26722"},{"taxonomy":"product_cat","embeddable":true,"href":"https:\/\/cipele.ba\/en\/wp-json\/wp\/v2\/product_cat?post=26722"},{"taxonomy":"product_tag","embeddable":true,"href":"https:\/\/cipele.ba\/en\/wp-json\/wp\/v2\/product_tag?post=26722"}],"curies":[{"name":"wp","href":"https:\/\/api.w.org\/{rel}","templated":true}]}}