{"id":26725,"date":"2025-10-13T22:29:58","date_gmt":"2025-10-13T22:29:58","guid":{"rendered":"https:\/\/cipele.ba\/shop\/uncategorized\/nike-gato\/"},"modified":"2026-04-17T21:02:40","modified_gmt":"2026-04-17T21:02:40","slug":"nike-gato","status":"publish","type":"product","link":"https:\/\/cipele.ba\/en\/shop\/muskarci\/muske-patike\/nike-gato\/","title":{"rendered":"Nike Gato"},"content":{"rendered":"<\/p>\n<p> Spreman za ulicu, Nike Gato mu\u0161ke lifestyle patike kombinuju premijum ko\u017eu, antilop i prozra\u010dni tekstil u slojevitom dizajnu koji se lako uklapa u svaki stil. <\/p>\n<\/p>\n<p> <b> Detalji <\/b> <\/p>\n<li> Gornji\u0161te od premijum ko\u017ee i antilopa <\/li>\n<li> Srednji \u0111on od pjene <\/li>\n<li> Gumeni \u0111on <\/li>","protected":false},"excerpt":{"rendered":"<p>Spreman za ulicu, Nike Gato mu\u0161ke lifestyle patike kombinuju premijum ko\u017eu, antilop i prozra\u010dni tekstil u slojevitom dizajnu koji se lako uklapa u svaki stil. Detalji Gornji\u0161te od premijum ko\u017ee i antilopa Srednji \u0111on od pjene Gumeni \u0111on<\/p>","protected":false},"featured_media":26723,"template":"","meta":{"jetpack_post_was_ever_published":false},"product_brand":[94],"product_cat":[67],"product_tag":[],"class_list":{"0":"post-26725","1":"product","2":"type-product","3":"status-publish","4":"has-post-thumbnail","6":"product_brand-sport_vision","7":"product_cat-muske-patike","9":"first","10":"instock","11":"sale","12":"shipping-taxable","13":"product-type-external"},"jetpack-related-posts":[],"jetpack_sharing_enabled":true,"_links":{"self":[{"href":"https:\/\/cipele.ba\/en\/wp-json\/wp\/v2\/product\/26725","targetHints":{"allow":["GET"]}}],"collection":[{"href":"https:\/\/cipele.ba\/en\/wp-json\/wp\/v2\/product"}],"about":[{"href":"https:\/\/cipele.ba\/en\/wp-json\/wp\/v2\/types\/product"}],"wp:featuredmedia":[{"embeddable":true,"href":"https:\/\/cipele.ba\/en\/wp-json\/wp\/v2\/media\/26723"}],"wp:attachment":[{"href":"https:\/\/cipele.ba\/en\/wp-json\/wp\/v2\/media?parent=26725"}],"wp:term":[{"taxonomy":"product_brand","embeddable":true,"href":"https:\/\/cipele.ba\/en\/wp-json\/wp\/v2\/product_brand?post=26725"},{"taxonomy":"product_cat","embeddable":true,"href":"https:\/\/cipele.ba\/en\/wp-json\/wp\/v2\/product_cat?post=26725"},{"taxonomy":"product_tag","embeddable":true,"href":"https:\/\/cipele.ba\/en\/wp-json\/wp\/v2\/product_tag?post=26725"}],"curies":[{"name":"wp","href":"https:\/\/api.w.org\/{rel}","templated":true}]}}