{"id":26726,"date":"2025-10-13T22:29:58","date_gmt":"2025-10-13T22:29:58","guid":{"rendered":"https:\/\/cipele.ba\/shop\/uncategorized\/nike-v5-rnr\/"},"modified":"2026-04-18T21:12:22","modified_gmt":"2026-04-18T21:12:22","slug":"nike-v5-rnr","status":"publish","type":"product","link":"https:\/\/cipele.ba\/en\/shop\/muskarci\/muske-patike\/nike-v5-rnr\/","title":{"rendered":"Nike V5 Rnr"},"content":{"rendered":"<\/p>\n<p> Podignite svoju igru na vi\u0161i nivo uz Nike V5 Rnr mu\u0161ke lifestyle patike, gdje se smjeli metalik detalji i 3D Swoosh kombinuju sa retro stilom i udobno\u0161\u0107u tokom cijelog dana za va\u0161u svakodnevnu dinamiku. <\/p>\n<\/p>\n<p> <b> Detalji <\/b> <\/p>\n<li> Debeli, a lagani pjenasti me\u0111upotplat pru\u017ea udobnost, dok gumeni \u0111on sa brazdama inspirisanim dvijehiljaditim godinama obezbje\u0111uje odli\u010dnu trakciju <\/li>\n<li> Gornji\u0161te od mre\u017eice u kombinaciji sa sinteti\u010dkim ko\u017enim oja\u010danjima pru\u017ea prozra\u010dnost i izdr\u017eljivost <\/li>","protected":false},"excerpt":{"rendered":"<p>Podignite svoju igru na vi\u0161i nivo uz Nike V5 Rnr mu\u0161ke lifestyle patike, gdje se smjeli metalik detalji i 3D Swoosh kombinuju sa retro stilom i udobno\u0161\u0107u tokom cijelog dana za va\u0161u svakodnevnu dinamiku. Detalji Debeli, a lagani pjenasti me\u0111upotplat pru\u017ea udobnost, dok gumeni \u0111on sa brazdama inspirisanim dvijehiljaditim godinama obezbje\u0111uje odli\u010dnu trakciju Gornji\u0161te od [&hellip;]<\/p>","protected":false},"featured_media":26724,"template":"","meta":{"jetpack_post_was_ever_published":false},"product_brand":[94],"product_cat":[67],"product_tag":[],"class_list":{"0":"post-26726","1":"product","2":"type-product","3":"status-publish","4":"has-post-thumbnail","6":"product_brand-sport_vision","7":"product_cat-muske-patike","9":"first","10":"instock","11":"sale","12":"shipping-taxable","13":"product-type-external"},"jetpack-related-posts":[],"jetpack_sharing_enabled":true,"_links":{"self":[{"href":"https:\/\/cipele.ba\/en\/wp-json\/wp\/v2\/product\/26726","targetHints":{"allow":["GET"]}}],"collection":[{"href":"https:\/\/cipele.ba\/en\/wp-json\/wp\/v2\/product"}],"about":[{"href":"https:\/\/cipele.ba\/en\/wp-json\/wp\/v2\/types\/product"}],"wp:featuredmedia":[{"embeddable":true,"href":"https:\/\/cipele.ba\/en\/wp-json\/wp\/v2\/media\/26724"}],"wp:attachment":[{"href":"https:\/\/cipele.ba\/en\/wp-json\/wp\/v2\/media?parent=26726"}],"wp:term":[{"taxonomy":"product_brand","embeddable":true,"href":"https:\/\/cipele.ba\/en\/wp-json\/wp\/v2\/product_brand?post=26726"},{"taxonomy":"product_cat","embeddable":true,"href":"https:\/\/cipele.ba\/en\/wp-json\/wp\/v2\/product_cat?post=26726"},{"taxonomy":"product_tag","embeddable":true,"href":"https:\/\/cipele.ba\/en\/wp-json\/wp\/v2\/product_tag?post=26726"}],"curies":[{"name":"wp","href":"https:\/\/api.w.org\/{rel}","templated":true}]}}