{"id":26728,"date":"2025-10-13T22:29:59","date_gmt":"2025-10-13T22:29:59","guid":{"rendered":"https:\/\/cipele.ba\/shop\/uncategorized\/adidas-harden-volume-9\/"},"modified":"2026-04-18T09:30:04","modified_gmt":"2026-04-18T09:30:04","slug":"adidas-harden-volume-9","status":"publish","type":"product","link":"https:\/\/cipele.ba\/en\/shop\/muskarci\/muske-patike\/adidas-harden-volume-9\/","title":{"rendered":"adidas Harden Volume 9"},"content":{"rendered":"<\/p>\n<p> Nastavljaju\u0107i graditi svoju legendu i naslije\u0111e, adidas Harden Volume 9 unisex patike od Jamesa Hardena i adidas Basketball dizajnirane su za igra\u010de koji \u017eive za najve\u0107e trenutke igre. <\/p>\n<\/p>\n<p> <b> Detalji <\/b> <\/p>\n<li> Regularan kroj <\/li>\n<li> Potpisne patike od adidas Basketball i Jamesa Hardena <\/li>\n<li> Kombinovani BOOST i Lightstrike me\u0111u\u0111on pru\u017ea lagani povrat energije kako bi vas pokrenuo prema ko\u0161u <\/li>\n<li> Gumeni \u0111on daje svu potrebnu trakciju <\/li>\n<li> Sinteti\u010dki i tekstilni gornji dio <\/li>\n<li> Tekstilna postava <\/li>","protected":false},"excerpt":{"rendered":"<p>Nastavljaju\u0107i graditi svoju legendu i naslije\u0111e, adidas Harden Volume 9 unisex patike od Jamesa Hardena i adidas Basketball dizajnirane su za igra\u010de koji \u017eive za najve\u0107e trenutke igre. Detalji Regularan kroj Potpisne patike od adidas Basketball i Jamesa Hardena Kombinovani BOOST i Lightstrike me\u0111u\u0111on pru\u017ea lagani povrat energije kako bi vas pokrenuo prema ko\u0161u Gumeni [&hellip;]<\/p>","protected":false},"featured_media":26727,"template":"","meta":{"jetpack_post_was_ever_published":false},"product_brand":[94],"product_cat":[67],"product_tag":[],"class_list":{"0":"post-26728","1":"product","2":"type-product","3":"status-publish","4":"has-post-thumbnail","6":"product_brand-sport_vision","7":"product_cat-muske-patike","9":"first","10":"instock","11":"shipping-taxable","12":"product-type-external"},"jetpack-related-posts":[],"jetpack_sharing_enabled":true,"_links":{"self":[{"href":"https:\/\/cipele.ba\/en\/wp-json\/wp\/v2\/product\/26728","targetHints":{"allow":["GET"]}}],"collection":[{"href":"https:\/\/cipele.ba\/en\/wp-json\/wp\/v2\/product"}],"about":[{"href":"https:\/\/cipele.ba\/en\/wp-json\/wp\/v2\/types\/product"}],"wp:featuredmedia":[{"embeddable":true,"href":"https:\/\/cipele.ba\/en\/wp-json\/wp\/v2\/media\/26727"}],"wp:attachment":[{"href":"https:\/\/cipele.ba\/en\/wp-json\/wp\/v2\/media?parent=26728"}],"wp:term":[{"taxonomy":"product_brand","embeddable":true,"href":"https:\/\/cipele.ba\/en\/wp-json\/wp\/v2\/product_brand?post=26728"},{"taxonomy":"product_cat","embeddable":true,"href":"https:\/\/cipele.ba\/en\/wp-json\/wp\/v2\/product_cat?post=26728"},{"taxonomy":"product_tag","embeddable":true,"href":"https:\/\/cipele.ba\/en\/wp-json\/wp\/v2\/product_tag?post=26728"}],"curies":[{"name":"wp","href":"https:\/\/api.w.org\/{rel}","templated":true}]}}