{"id":26733,"date":"2025-10-13T22:30:02","date_gmt":"2025-10-13T22:30:02","guid":{"rendered":"https:\/\/cipele.ba\/shop\/uncategorized\/mont-outdoor-4\/"},"modified":"2026-04-18T20:57:28","modified_gmt":"2026-04-18T20:57:28","slug":"mont-outdoor-4","status":"publish","type":"product","link":"https:\/\/cipele.ba\/en\/shop\/muskarci\/muske-patike\/mont-outdoor-4\/","title":{"rendered":"Mont Outdoor"},"content":{"rendered":"<\/p>\n<p> Mont Outdoor mu\u0161ke \u010dizme su dizajnirane za mu\u0161karce kojima su potrebne pouzdane performanse, udobnost i za\u0161tita u spolja\u0161njim okru\u017eenjima.<\/p>\n<\/p>\n<p> <b>Detalji<\/b> <\/p>\n<li> Idealne za hajking, treking i opu\u0161tene avanture <\/li>\n<li> MTEX vodootporna tehnologija omogu\u0107ava da va\u0161a stopala ostanu suva i da vam bude prijatno u vla\u017enim i blatnjavim uslovima <\/li>\n<li> Gumeni \u0111on pru\u017ea odli\u010dnu trakciju i stabilnost na razli\u010ditim terenima <\/li>\n<li> Plitki dizajn pru\u017ea fleksibilnost i slobodu pokreta, a istovremeno i dobru potporu <\/li>\n<li> Pertlanje <\/li>","protected":false},"excerpt":{"rendered":"<p>Mont Outdoor mu\u0161ke \u010dizme su dizajnirane za mu\u0161karce kojima su potrebne pouzdane performanse, udobnost i za\u0161tita u spolja\u0161njim okru\u017eenjima. Detalji Idealne za hajking, treking i opu\u0161tene avanture MTEX vodootporna tehnologija omogu\u0107ava da va\u0161a stopala ostanu suva i da vam bude prijatno u vla\u017enim i blatnjavim uslovima Gumeni \u0111on pru\u017ea odli\u010dnu trakciju i stabilnost na razli\u010ditim [&hellip;]<\/p>","protected":false},"featured_media":26731,"template":"","meta":{"jetpack_post_was_ever_published":false},"product_brand":[94],"product_cat":[67],"product_tag":[],"class_list":{"0":"post-26733","1":"product","2":"type-product","3":"status-publish","4":"has-post-thumbnail","6":"product_brand-sport_vision","7":"product_cat-muske-patike","9":"first","10":"instock","11":"sale","12":"shipping-taxable","13":"product-type-external"},"jetpack-related-posts":[],"jetpack_sharing_enabled":true,"_links":{"self":[{"href":"https:\/\/cipele.ba\/en\/wp-json\/wp\/v2\/product\/26733","targetHints":{"allow":["GET"]}}],"collection":[{"href":"https:\/\/cipele.ba\/en\/wp-json\/wp\/v2\/product"}],"about":[{"href":"https:\/\/cipele.ba\/en\/wp-json\/wp\/v2\/types\/product"}],"wp:featuredmedia":[{"embeddable":true,"href":"https:\/\/cipele.ba\/en\/wp-json\/wp\/v2\/media\/26731"}],"wp:attachment":[{"href":"https:\/\/cipele.ba\/en\/wp-json\/wp\/v2\/media?parent=26733"}],"wp:term":[{"taxonomy":"product_brand","embeddable":true,"href":"https:\/\/cipele.ba\/en\/wp-json\/wp\/v2\/product_brand?post=26733"},{"taxonomy":"product_cat","embeddable":true,"href":"https:\/\/cipele.ba\/en\/wp-json\/wp\/v2\/product_cat?post=26733"},{"taxonomy":"product_tag","embeddable":true,"href":"https:\/\/cipele.ba\/en\/wp-json\/wp\/v2\/product_tag?post=26733"}],"curies":[{"name":"wp","href":"https:\/\/api.w.org\/{rel}","templated":true}]}}