{"id":26753,"date":"2025-10-13T22:30:13","date_gmt":"2025-10-13T22:30:13","guid":{"rendered":"https:\/\/cipele.ba\/shop\/uncategorized\/hoka-clifton-9-gtx-2\/"},"modified":"2026-04-19T00:30:07","modified_gmt":"2026-04-19T00:30:07","slug":"hoka-clifton-9-gtx-2","status":"publish","type":"product","link":"https:\/\/cipele.ba\/en\/shop\/muskarci\/muske-patike\/hoka-clifton-9-gtx-2\/","title":{"rendered":"Hoka Clifton 9 GTX"},"content":{"rendered":"<\/p>\n<p> Hoka Clifton 9 GTX mu\u0161ke patike su savr\u0161en spoj prepoznatljive HOKA udobnosti i za\u0161tite od vremenskih prilika. <\/p>\n<\/p>\n<p> <b> Detalji <\/b> <\/p>\n<li> GORE-TEX Invisible Fit sa tkaninom na prednjoj strani od 70% recikliranog poliestera za vodootpornu za\u0161titu i prozra\u010dnost <\/li>\n<li> Gornji\u0161te od pletenog \u017eakarda za izdr\u017eljivost i fleksibilnost <\/li>\n<li> Refleksivnost od 360 stepeni za ve\u0107u vidljivost u uslovima slabog osvjetljenja <\/li>\n<li> Jastu\u010di\u0107i za trakciju i spoljni \u0111on od Durabrasion gume za pouzdano prianjanje i izdr\u017eljivost na mokrim povr\u0161inama\n<\/p>\n<p> <b> Eco story <\/b> <\/li>\n<li> Mre\u017easti elementi gornji\u0161ta i rub od 30% recikliranog poliestera za odr\u017eivost; mre\u017easti elementi gornjeg dijela jezika od 100% recikliranog poliestera i mre\u017easti elementi donjeg dijela jezika od 92% recikliranog poliestera; pertle od 70% recikliranog najlona i 30% recikliranog poliestera za ekolo\u0161ki dizajn; strobel plo\u010da od 87% recikliranog poliestera za dodatnu odr\u017eivost <\/li>","protected":false},"excerpt":{"rendered":"<p>Hoka Clifton 9 GTX mu\u0161ke patike su savr\u0161en spoj prepoznatljive HOKA udobnosti i za\u0161tite od vremenskih prilika. Detalji GORE-TEX Invisible Fit sa tkaninom na prednjoj strani od 70% recikliranog poliestera za vodootpornu za\u0161titu i prozra\u010dnost Gornji\u0161te od pletenog \u017eakarda za izdr\u017eljivost i fleksibilnost Refleksivnost od 360 stepeni za ve\u0107u vidljivost u uslovima slabog osvjetljenja Jastu\u010di\u0107i [&hellip;]<\/p>","protected":false},"featured_media":26751,"template":"","meta":{"jetpack_post_was_ever_published":false},"product_brand":[94],"product_cat":[67],"product_tag":[],"class_list":{"0":"post-26753","1":"product","2":"type-product","3":"status-publish","4":"has-post-thumbnail","6":"product_brand-sport_vision","7":"product_cat-muske-patike","9":"first","10":"instock","11":"sale","12":"shipping-taxable","13":"product-type-external"},"jetpack-related-posts":[],"jetpack_sharing_enabled":true,"_links":{"self":[{"href":"https:\/\/cipele.ba\/en\/wp-json\/wp\/v2\/product\/26753","targetHints":{"allow":["GET"]}}],"collection":[{"href":"https:\/\/cipele.ba\/en\/wp-json\/wp\/v2\/product"}],"about":[{"href":"https:\/\/cipele.ba\/en\/wp-json\/wp\/v2\/types\/product"}],"wp:featuredmedia":[{"embeddable":true,"href":"https:\/\/cipele.ba\/en\/wp-json\/wp\/v2\/media\/26751"}],"wp:attachment":[{"href":"https:\/\/cipele.ba\/en\/wp-json\/wp\/v2\/media?parent=26753"}],"wp:term":[{"taxonomy":"product_brand","embeddable":true,"href":"https:\/\/cipele.ba\/en\/wp-json\/wp\/v2\/product_brand?post=26753"},{"taxonomy":"product_cat","embeddable":true,"href":"https:\/\/cipele.ba\/en\/wp-json\/wp\/v2\/product_cat?post=26753"},{"taxonomy":"product_tag","embeddable":true,"href":"https:\/\/cipele.ba\/en\/wp-json\/wp\/v2\/product_tag?post=26753"}],"curies":[{"name":"wp","href":"https:\/\/api.w.org\/{rel}","templated":true}]}}