{"id":26759,"date":"2025-10-13T22:30:16","date_gmt":"2025-10-13T22:30:16","guid":{"rendered":"https:\/\/cipele.ba\/shop\/uncategorized\/nike-air-max-fire\/"},"modified":"2026-04-19T20:51:47","modified_gmt":"2026-04-19T20:51:47","slug":"nike-air-max-fire","status":"publish","type":"product","link":"https:\/\/cipele.ba\/en\/shop\/muskarci\/muske-patike\/nike-air-max-fire\/","title":{"rendered":"Nike Air Max Fire"},"content":{"rendered":"<\/p>\n<p> Nike Air Max Fire mu\u0161ke patike spajaju upe\u010datljiv izgled i pouzdanu udobnost, donose\u0107i prepoznatljiv, sportski inspirisan dizajn na gradske ulice. <\/p>\n<\/p>\n<p> <b> Detalji <\/b> <\/p>\n<li> Kultna vidljiva Air jedinica pru\u017ea udobno ubla\u017eavanje i za\u0161titu od udaraca <\/li>\n<li> <\/li>\n<li> Sinteti\u010dko ko\u017eno gornji\u0161te nudi stabilnost i dugotrajnu podr\u0161ku <\/li>\n<li> Gumeni \u0111on obezbje\u0111uje prianjanje i izdr\u017eljivost na razli\u010ditim podlogama <\/li>\n<li> Pjena u me\u0111upotplatu osigurava glatko i udobno kretanje <\/li>","protected":false},"excerpt":{"rendered":"<p>Nike Air Max Fire mu\u0161ke patike spajaju upe\u010datljiv izgled i pouzdanu udobnost, donose\u0107i prepoznatljiv, sportski inspirisan dizajn na gradske ulice. Detalji Kultna vidljiva Air jedinica pru\u017ea udobno ubla\u017eavanje i za\u0161titu od udaraca Sinteti\u010dko ko\u017eno gornji\u0161te nudi stabilnost i dugotrajnu podr\u0161ku Gumeni \u0111on obezbje\u0111uje prianjanje i izdr\u017eljivost na razli\u010ditim podlogama Pjena u me\u0111upotplatu osigurava glatko i [&hellip;]<\/p>","protected":false},"featured_media":26756,"template":"","meta":{"jetpack_post_was_ever_published":false},"product_brand":[94],"product_cat":[67],"product_tag":[],"class_list":{"0":"post-26759","1":"product","2":"type-product","3":"status-publish","4":"has-post-thumbnail","6":"product_brand-sport_vision","7":"product_cat-muske-patike","9":"first","10":"instock","11":"sale","12":"shipping-taxable","13":"product-type-external"},"jetpack-related-posts":[],"jetpack_sharing_enabled":true,"_links":{"self":[{"href":"https:\/\/cipele.ba\/en\/wp-json\/wp\/v2\/product\/26759","targetHints":{"allow":["GET"]}}],"collection":[{"href":"https:\/\/cipele.ba\/en\/wp-json\/wp\/v2\/product"}],"about":[{"href":"https:\/\/cipele.ba\/en\/wp-json\/wp\/v2\/types\/product"}],"wp:featuredmedia":[{"embeddable":true,"href":"https:\/\/cipele.ba\/en\/wp-json\/wp\/v2\/media\/26756"}],"wp:attachment":[{"href":"https:\/\/cipele.ba\/en\/wp-json\/wp\/v2\/media?parent=26759"}],"wp:term":[{"taxonomy":"product_brand","embeddable":true,"href":"https:\/\/cipele.ba\/en\/wp-json\/wp\/v2\/product_brand?post=26759"},{"taxonomy":"product_cat","embeddable":true,"href":"https:\/\/cipele.ba\/en\/wp-json\/wp\/v2\/product_cat?post=26759"},{"taxonomy":"product_tag","embeddable":true,"href":"https:\/\/cipele.ba\/en\/wp-json\/wp\/v2\/product_tag?post=26759"}],"curies":[{"name":"wp","href":"https:\/\/api.w.org\/{rel}","templated":true}]}}