{"id":26765,"date":"2025-10-13T22:30:19","date_gmt":"2025-10-13T22:30:19","guid":{"rendered":"https:\/\/cipele.ba\/shop\/uncategorized\/nike-field-general\/"},"modified":"2026-04-27T20:56:15","modified_gmt":"2026-04-27T20:56:15","slug":"nike-field-general","status":"publish","type":"product","link":"https:\/\/cipele.ba\/en\/shop\/muskarci\/muske-patike\/nike-field-general\/","title":{"rendered":"Nike Field General"},"content":{"rendered":"<\/p>\n<p> Nike Field General mu\u0161ke lifestyle patike na ulicu donose vintid\u017e fudbalski stil. <\/p>\n<\/p>\n<p> <b> Detalji <\/b> <\/p>\n<li> Slojevi od antilopa i platna kreiraju izdr\u017eljiv, retro look <\/li>\n<li> Waffle \u0161ara na spoljnom \u0111onu pru\u017ea pouzdano prianjanje i dopadljivost klasike <\/li>\n<li> Puni \u0161tep na spoju \u0111ona i gornji\u0161ta pobolj\u0161ava izdr\u017eljivost i strukturu <\/li>\n<li> Ko\u017eni Swoosh logo daje im vrhunski izgled <\/li>\n<li> Punjeni rub obezbje\u0111uje udobno prianjanje <\/li>\n<li> Me\u0111u\u0111on od pjene pru\u017ea laganu amortizaciju <\/li>\n<li> Gumeni spoljni \u0111on nudi trajnu trakciju <\/li>","protected":false},"excerpt":{"rendered":"<p>Nike Field General mu\u0161ke lifestyle patike na ulicu donose vintid\u017e fudbalski stil. Detalji Slojevi od antilopa i platna kreiraju izdr\u017eljiv, retro look Waffle \u0161ara na spoljnom \u0111onu pru\u017ea pouzdano prianjanje i dopadljivost klasike Puni \u0161tep na spoju \u0111ona i gornji\u0161ta pobolj\u0161ava izdr\u017eljivost i strukturu Ko\u017eni Swoosh logo daje im vrhunski izgled Punjeni rub obezbje\u0111uje udobno [&hellip;]<\/p>","protected":false},"featured_media":26761,"template":"","meta":{"jetpack_post_was_ever_published":false},"product_brand":[94],"product_cat":[67],"product_tag":[],"class_list":{"0":"post-26765","1":"product","2":"type-product","3":"status-publish","4":"has-post-thumbnail","6":"product_brand-sport_vision","7":"product_cat-muske-patike","9":"first","10":"instock","11":"sale","12":"shipping-taxable","13":"product-type-external"},"jetpack-related-posts":[],"jetpack_sharing_enabled":true,"_links":{"self":[{"href":"https:\/\/cipele.ba\/en\/wp-json\/wp\/v2\/product\/26765","targetHints":{"allow":["GET"]}}],"collection":[{"href":"https:\/\/cipele.ba\/en\/wp-json\/wp\/v2\/product"}],"about":[{"href":"https:\/\/cipele.ba\/en\/wp-json\/wp\/v2\/types\/product"}],"wp:featuredmedia":[{"embeddable":true,"href":"https:\/\/cipele.ba\/en\/wp-json\/wp\/v2\/media\/26761"}],"wp:attachment":[{"href":"https:\/\/cipele.ba\/en\/wp-json\/wp\/v2\/media?parent=26765"}],"wp:term":[{"taxonomy":"product_brand","embeddable":true,"href":"https:\/\/cipele.ba\/en\/wp-json\/wp\/v2\/product_brand?post=26765"},{"taxonomy":"product_cat","embeddable":true,"href":"https:\/\/cipele.ba\/en\/wp-json\/wp\/v2\/product_cat?post=26765"},{"taxonomy":"product_tag","embeddable":true,"href":"https:\/\/cipele.ba\/en\/wp-json\/wp\/v2\/product_tag?post=26765"}],"curies":[{"name":"wp","href":"https:\/\/api.w.org\/{rel}","templated":true}]}}