{"id":26811,"date":"2025-10-13T22:30:35","date_gmt":"2025-10-13T22:30:35","guid":{"rendered":"https:\/\/cipele.ba\/shop\/uncategorized\/adidas-terrex-trailmaker-2-0\/"},"modified":"2026-04-19T01:02:18","modified_gmt":"2026-04-19T01:02:18","slug":"adidas-terrex-trailmaker-2-0","status":"publish","type":"product","link":"https:\/\/cipele.ba\/en\/shop\/muskarci\/muske-patike\/adidas-terrex-trailmaker-2-0\/","title":{"rendered":"adidas Terrex Trailmaker 2.0"},"content":{"rendered":"<\/p>\n<p> Na vla\u017enim ili suvim terenima, na planinama ili u ravnicama, ove adidas Trailmaker 2.0 patike za hajking za mu\u0161karce spajaju lagani i udobni osje\u0107aj patike za tr\u010danje s dodatnom potporom i trakcijom patike za hajking. <\/p>\n<\/p>\n<p> <b> DETALJI <\/b> <\/p>\n<li> Uobi\u010dajeni kroj <\/li>\n<li> Pertlanje <\/li>\n<li> Gornji\u0161te od tekstila i sintetike s be\u0161avnim preklopima <\/li>\n<li> Oja\u010dani jezik i vodootporna GORE-TEX membrana dodaju vodootpornu i prozra\u010dnu pokrivenost za istra\u017eivanje u svim uslovima <\/li>\n<li> EVA srednji \u0111on zasnovan na prirodnim materijalima pru\u017ea dugotrajnu udobnost kako biste mogli da se fokusirate na stazu <\/li>\n<li> Tekstilna postava <\/li>\n<li> Pad srednjeg \u0111ona: 10 mm (peta: 29 mm \/ prsti: 19 mm) <\/li>\n<li> Spoljni \u0111on od Continental\u2122 gume pru\u017ea sigurnu trakciju na stjenovitim i travnatim terenima, vla\u017enim i suvim <b> ECO STORY <\/b> <\/li>\n<li> Ovaj proizvod sadr\u017ei najmanje 20% recikliranih materijala <\/li>","protected":false},"excerpt":{"rendered":"<p>Na vla\u017enim ili suvim terenima, na planinama ili u ravnicama, ove adidas Trailmaker 2.0 patike za hajking za mu\u0161karce spajaju lagani i udobni osje\u0107aj patike za tr\u010danje s dodatnom potporom i trakcijom patike za hajking. DETALJI Uobi\u010dajeni kroj Pertlanje Gornji\u0161te od tekstila i sintetike s be\u0161avnim preklopima Oja\u010dani jezik i vodootporna GORE-TEX membrana dodaju vodootpornu [&hellip;]<\/p>","protected":false},"featured_media":26809,"template":"","meta":{"jetpack_post_was_ever_published":false},"product_brand":[94],"product_cat":[67],"product_tag":[],"class_list":{"0":"post-26811","1":"product","2":"type-product","3":"status-publish","4":"has-post-thumbnail","6":"product_brand-sport_vision","7":"product_cat-muske-patike","9":"first","10":"instock","11":"sale","12":"shipping-taxable","13":"product-type-external"},"jetpack-related-posts":[],"jetpack_sharing_enabled":true,"_links":{"self":[{"href":"https:\/\/cipele.ba\/en\/wp-json\/wp\/v2\/product\/26811","targetHints":{"allow":["GET"]}}],"collection":[{"href":"https:\/\/cipele.ba\/en\/wp-json\/wp\/v2\/product"}],"about":[{"href":"https:\/\/cipele.ba\/en\/wp-json\/wp\/v2\/types\/product"}],"wp:featuredmedia":[{"embeddable":true,"href":"https:\/\/cipele.ba\/en\/wp-json\/wp\/v2\/media\/26809"}],"wp:attachment":[{"href":"https:\/\/cipele.ba\/en\/wp-json\/wp\/v2\/media?parent=26811"}],"wp:term":[{"taxonomy":"product_brand","embeddable":true,"href":"https:\/\/cipele.ba\/en\/wp-json\/wp\/v2\/product_brand?post=26811"},{"taxonomy":"product_cat","embeddable":true,"href":"https:\/\/cipele.ba\/en\/wp-json\/wp\/v2\/product_cat?post=26811"},{"taxonomy":"product_tag","embeddable":true,"href":"https:\/\/cipele.ba\/en\/wp-json\/wp\/v2\/product_tag?post=26811"}],"curies":[{"name":"wp","href":"https:\/\/api.w.org\/{rel}","templated":true}]}}