{"id":26883,"date":"2025-10-13T22:30:56","date_gmt":"2025-10-13T22:30:56","guid":{"rendered":"https:\/\/cipele.ba\/shop\/uncategorized\/skechers-max-protect\/"},"modified":"2026-04-18T09:28:51","modified_gmt":"2026-04-18T09:28:51","slug":"skechers-max-protect","status":"publish","type":"product","link":"https:\/\/cipele.ba\/en\/shop\/muskarci\/muske-patike\/skechers-max-protect\/","title":{"rendered":"Skechers Max Protect"},"content":{"rendered":"<\/p>\n<p> Sportska udobnost i izdr\u017eljiva vu\u010da se susrec\u0301u u Skechers Max Protect mu\u0161kim outdoor patikama. <\/p>\n<p> Vodootporno sinteti\u010dko i mre\u017easto gornji\u0161te, kao i zape\u010da\u0107eni \u0161avovi \u0161tite va\u0161a stopala i obezbje\u0111uju prozra\u010dnost. Memory Foam\u00ae ulo\u017eak nudi udobnost dok izdr\u017eljivi Goodyear\u00ae Performance \u0111on obezbje\u0111uje odli\u010dno prianjanje. Karakteristike koje \u010dine ove patike idealnim saveznikom na otvorenom. <\/p>\n<p> Specifikacija: <\/p>\n<li> Plitak profil <\/li>\n<li> Pertlanje <\/li>\n<li> Vodootporno sinteti\u010dko i mre\u017easto gornji\u0161te <\/li>\n<li> Zape\u010da\u0107eni \u0161avovi <\/li>\n<li> Memory Foam\u00ae ulo\u017eak <\/li>\n<li> Goodyear\u00ae Performance \u0111on <\/li>","protected":false},"excerpt":{"rendered":"<p>Sportska udobnost i izdr\u017eljiva vu\u010da se susrec\u0301u u Skechers Max Protect mu\u0161kim outdoor patikama. Vodootporno sinteti\u010dko i mre\u017easto gornji\u0161te, kao i zape\u010da\u0107eni \u0161avovi \u0161tite va\u0161a stopala i obezbje\u0111uju prozra\u010dnost. Memory Foam\u00ae ulo\u017eak nudi udobnost dok izdr\u017eljivi Goodyear\u00ae Performance \u0111on obezbje\u0111uje odli\u010dno prianjanje. Karakteristike koje \u010dine ove patike idealnim saveznikom na otvorenom. Specifikacija: Plitak profil Pertlanje [&hellip;]<\/p>","protected":false},"featured_media":26882,"template":"","meta":{"jetpack_post_was_ever_published":false},"product_brand":[94],"product_cat":[67],"product_tag":[],"class_list":{"0":"post-26883","1":"product","2":"type-product","3":"status-publish","4":"has-post-thumbnail","6":"product_brand-sport_vision","7":"product_cat-muske-patike","9":"first","10":"instock","11":"sale","12":"shipping-taxable","13":"product-type-external"},"jetpack-related-posts":[],"jetpack_sharing_enabled":true,"_links":{"self":[{"href":"https:\/\/cipele.ba\/en\/wp-json\/wp\/v2\/product\/26883","targetHints":{"allow":["GET"]}}],"collection":[{"href":"https:\/\/cipele.ba\/en\/wp-json\/wp\/v2\/product"}],"about":[{"href":"https:\/\/cipele.ba\/en\/wp-json\/wp\/v2\/types\/product"}],"wp:featuredmedia":[{"embeddable":true,"href":"https:\/\/cipele.ba\/en\/wp-json\/wp\/v2\/media\/26882"}],"wp:attachment":[{"href":"https:\/\/cipele.ba\/en\/wp-json\/wp\/v2\/media?parent=26883"}],"wp:term":[{"taxonomy":"product_brand","embeddable":true,"href":"https:\/\/cipele.ba\/en\/wp-json\/wp\/v2\/product_brand?post=26883"},{"taxonomy":"product_cat","embeddable":true,"href":"https:\/\/cipele.ba\/en\/wp-json\/wp\/v2\/product_cat?post=26883"},{"taxonomy":"product_tag","embeddable":true,"href":"https:\/\/cipele.ba\/en\/wp-json\/wp\/v2\/product_tag?post=26883"}],"curies":[{"name":"wp","href":"https:\/\/api.w.org\/{rel}","templated":true}]}}