{"id":26889,"date":"2025-10-13T22:30:57","date_gmt":"2025-10-13T22:30:57","guid":{"rendered":"https:\/\/cipele.ba\/shop\/uncategorized\/kronos-petros\/"},"modified":"2026-04-21T08:44:13","modified_gmt":"2026-04-21T08:44:13","slug":"kronos-petros","status":"publish","type":"product","link":"https:\/\/cipele.ba\/en\/shop\/muskarci\/muske-patike\/kronos-petros\/","title":{"rendered":"Kronos PETROS"},"content":{"rendered":"<p>Kronos Petros su mu\u0161ke lifestyle patike iz ekskluzivne Memory Foam kolekcije, dizajnirane za maksimalnu udobnost tokom svakodnevnih aktivnosti. Zahvaljuju\u0107i ulo\u0161ku od memorijske pjene, svaki korak je lak\u0161i, a stopalo dobija optimalnu podr\u0161ku i rastere\u0107enje pritiska. Idealne su za \u0161etnju, posao ili opu\u0161tene trenutke, uz moderan i svestran dizajn.<br \/>Detalji:<\/p>\n<li> Memory Foam ulo\u017eak \u2013 prilago\u0111ava se obliku stopala za udobnost bez napora.<\/li>\n<li> Ubla\u017eavanje pritiska \u2013 smanjuje optere\u0107enje na klju\u010dne ta\u010dke stopala.<\/li>\n<li> Stil i funkcionalnost \u2013 pogodne za razne prilike uz moderan izgled. <\/li>","protected":false},"excerpt":{"rendered":"<p>Kronos Petros su mu\u0161ke lifestyle patike iz ekskluzivne Memory Foam kolekcije, dizajnirane za maksimalnu udobnost tokom svakodnevnih aktivnosti. Zahvaljuju\u0107i ulo\u0161ku od memorijske pjene, svaki korak je lak\u0161i, a stopalo dobija optimalnu podr\u0161ku i rastere\u0107enje pritiska. Idealne su za \u0161etnju, posao ili opu\u0161tene trenutke, uz moderan i svestran dizajn.Detalji: Memory Foam ulo\u017eak \u2013 prilago\u0111ava se obliku [&hellip;]<\/p>","protected":false},"featured_media":26886,"template":"","meta":{"jetpack_post_was_ever_published":false},"product_brand":[94],"product_cat":[67],"product_tag":[],"class_list":{"0":"post-26889","1":"product","2":"type-product","3":"status-publish","4":"has-post-thumbnail","6":"product_brand-sport_vision","7":"product_cat-muske-patike","9":"first","10":"instock","11":"sale","12":"shipping-taxable","13":"product-type-external"},"jetpack-related-posts":[],"jetpack_sharing_enabled":true,"_links":{"self":[{"href":"https:\/\/cipele.ba\/en\/wp-json\/wp\/v2\/product\/26889","targetHints":{"allow":["GET"]}}],"collection":[{"href":"https:\/\/cipele.ba\/en\/wp-json\/wp\/v2\/product"}],"about":[{"href":"https:\/\/cipele.ba\/en\/wp-json\/wp\/v2\/types\/product"}],"wp:featuredmedia":[{"embeddable":true,"href":"https:\/\/cipele.ba\/en\/wp-json\/wp\/v2\/media\/26886"}],"wp:attachment":[{"href":"https:\/\/cipele.ba\/en\/wp-json\/wp\/v2\/media?parent=26889"}],"wp:term":[{"taxonomy":"product_brand","embeddable":true,"href":"https:\/\/cipele.ba\/en\/wp-json\/wp\/v2\/product_brand?post=26889"},{"taxonomy":"product_cat","embeddable":true,"href":"https:\/\/cipele.ba\/en\/wp-json\/wp\/v2\/product_cat?post=26889"},{"taxonomy":"product_tag","embeddable":true,"href":"https:\/\/cipele.ba\/en\/wp-json\/wp\/v2\/product_tag?post=26889"}],"curies":[{"name":"wp","href":"https:\/\/api.w.org\/{rel}","templated":true}]}}