{"id":26909,"date":"2025-10-13T22:31:04","date_gmt":"2025-10-13T22:31:04","guid":{"rendered":"https:\/\/cipele.ba\/shop\/uncategorized\/kronos-remy-2\/"},"modified":"2026-04-20T01:07:55","modified_gmt":"2026-04-20T01:07:55","slug":"kronos-remy-2","status":"publish","type":"product","link":"https:\/\/cipele.ba\/en\/shop\/muskarci\/muske-patike\/kronos-remy-2\/","title":{"rendered":"Kronos REMY"},"content":{"rendered":"<p>Kronos Remy su mu\u0161ke lifestyle patike iz ekskluzivne Memory Foam kolekcije, kreirane za vrhunski komfor tokom svakodnevnih aktivnosti. Zahvaljuju\u0107i memorijskoj pjeni, svaki korak postaje lak\u0161i \u2013 pjena se prilago\u0111ava obliku stopala, pru\u017eaju\u0107i optimalnu podr\u0161ku i smanjenje pritiska na klju\u010dne ta\u010dke. Idealne su za \u0161etnju, posao ili slobodno vrijeme, uz moderan i svestran dizajn.<br \/>Detalji:<\/p>\n<li> Memory Foam ulo\u017eak \u2013 za udobnost bez napora i prilago\u0111avanje stopalu.<\/li>\n<li> Ubla\u017eavanje pritiska \u2013 rastere\u0107uje klju\u010dne ta\u010dke i smanjuje zamor.<\/li>\n<li> Moderan lifestyle dizajn \u2013 lako se kombinuje uz svakodnevni outfit. <\/li>","protected":false},"excerpt":{"rendered":"<p>Kronos Remy su mu\u0161ke lifestyle patike iz ekskluzivne Memory Foam kolekcije, kreirane za vrhunski komfor tokom svakodnevnih aktivnosti. Zahvaljuju\u0107i memorijskoj pjeni, svaki korak postaje lak\u0161i \u2013 pjena se prilago\u0111ava obliku stopala, pru\u017eaju\u0107i optimalnu podr\u0161ku i smanjenje pritiska na klju\u010dne ta\u010dke. Idealne su za \u0161etnju, posao ili slobodno vrijeme, uz moderan i svestran dizajn.Detalji: Memory Foam [&hellip;]<\/p>","protected":false},"featured_media":26908,"template":"","meta":{"jetpack_post_was_ever_published":false},"product_brand":[94],"product_cat":[67],"product_tag":[],"class_list":{"0":"post-26909","1":"product","2":"type-product","3":"status-publish","4":"has-post-thumbnail","6":"product_brand-sport_vision","7":"product_cat-muske-patike","9":"first","10":"instock","11":"sale","12":"shipping-taxable","13":"product-type-external"},"jetpack-related-posts":[],"jetpack_sharing_enabled":true,"_links":{"self":[{"href":"https:\/\/cipele.ba\/en\/wp-json\/wp\/v2\/product\/26909","targetHints":{"allow":["GET"]}}],"collection":[{"href":"https:\/\/cipele.ba\/en\/wp-json\/wp\/v2\/product"}],"about":[{"href":"https:\/\/cipele.ba\/en\/wp-json\/wp\/v2\/types\/product"}],"wp:featuredmedia":[{"embeddable":true,"href":"https:\/\/cipele.ba\/en\/wp-json\/wp\/v2\/media\/26908"}],"wp:attachment":[{"href":"https:\/\/cipele.ba\/en\/wp-json\/wp\/v2\/media?parent=26909"}],"wp:term":[{"taxonomy":"product_brand","embeddable":true,"href":"https:\/\/cipele.ba\/en\/wp-json\/wp\/v2\/product_brand?post=26909"},{"taxonomy":"product_cat","embeddable":true,"href":"https:\/\/cipele.ba\/en\/wp-json\/wp\/v2\/product_cat?post=26909"},{"taxonomy":"product_tag","embeddable":true,"href":"https:\/\/cipele.ba\/en\/wp-json\/wp\/v2\/product_tag?post=26909"}],"curies":[{"name":"wp","href":"https:\/\/api.w.org\/{rel}","templated":true}]}}