{"id":26915,"date":"2025-10-13T22:31:05","date_gmt":"2025-10-13T22:31:05","guid":{"rendered":"https:\/\/cipele.ba\/shop\/uncategorized\/adidas-breaknet-2-0\/"},"modified":"2026-04-18T09:36:32","modified_gmt":"2026-04-18T09:36:32","slug":"adidas-breaknet-2-0","status":"publish","type":"product","link":"https:\/\/cipele.ba\/en\/shop\/muskarci\/muske-patike\/adidas-breaknet-2-0\/","title":{"rendered":"adidas BREAKNET 2.0"},"content":{"rendered":"<\/p>\n<p>adidas BREAKNET 2.0 su mu\u0161ke lifestyle patike inspirisane tenisom, koje kombinuju najbolje iz pro\u0161losti i sada\u0161njosti i spremne su za budu\u0107nost. <\/p>\n<p> Unesite vintid\u017e vibracije u svoj stil sa ovim patikama. Glatke linije, plitak profil i \u010dist dizajn. Sve je jasno, to je \u010dista teniska DNK. Gornji\u0161te od sinteti\u010dke ko\u017ee savr\u0161eno meko obavija va\u0161a stopala, a u isto vrijeme im daje potrebnu \u010dvrstinu. Patike su plitkog profila sa klasi\u010dnim pertlanjem i adidas logom koji jasno pokazuje u koji brend imate najvi\u0161e povjerenja. Gumeni \u0111on odli\u010dno prianja i daje sigurnost va\u0161em koraku. <\/p>\n<p> Specifikacija: <\/p>\n<li> Mu\u0161ke lifestyle patike <\/li>\n<li>Gornji\u0161te od sinteti\u010dke ko\u017ee<\/li>\n<li>\u010ciste linije<\/li>\n<li> Plitak profil<\/li>\n<li>Pertlanje<\/li>\n<li>adidas logo<\/li>\n<li> Gumeni \u0111on <\/li>","protected":false},"excerpt":{"rendered":"<p>adidas BREAKNET 2.0 su mu\u0161ke lifestyle patike inspirisane tenisom, koje kombinuju najbolje iz pro\u0161losti i sada\u0161njosti i spremne su za budu\u0107nost. Unesite vintid\u017e vibracije u svoj stil sa ovim patikama. Glatke linije, plitak profil i \u010dist dizajn. Sve je jasno, to je \u010dista teniska DNK. Gornji\u0161te od sinteti\u010dke ko\u017ee savr\u0161eno meko obavija va\u0161a stopala, a [&hellip;]<\/p>","protected":false},"featured_media":26913,"template":"","meta":{"jetpack_post_was_ever_published":false},"product_brand":[94],"product_cat":[67],"product_tag":[],"class_list":{"0":"post-26915","1":"product","2":"type-product","3":"status-publish","4":"has-post-thumbnail","6":"product_brand-sport_vision","7":"product_cat-muske-patike","9":"first","10":"instock","11":"sale","12":"shipping-taxable","13":"product-type-external"},"jetpack-related-posts":[],"jetpack_sharing_enabled":true,"_links":{"self":[{"href":"https:\/\/cipele.ba\/en\/wp-json\/wp\/v2\/product\/26915","targetHints":{"allow":["GET"]}}],"collection":[{"href":"https:\/\/cipele.ba\/en\/wp-json\/wp\/v2\/product"}],"about":[{"href":"https:\/\/cipele.ba\/en\/wp-json\/wp\/v2\/types\/product"}],"wp:featuredmedia":[{"embeddable":true,"href":"https:\/\/cipele.ba\/en\/wp-json\/wp\/v2\/media\/26913"}],"wp:attachment":[{"href":"https:\/\/cipele.ba\/en\/wp-json\/wp\/v2\/media?parent=26915"}],"wp:term":[{"taxonomy":"product_brand","embeddable":true,"href":"https:\/\/cipele.ba\/en\/wp-json\/wp\/v2\/product_brand?post=26915"},{"taxonomy":"product_cat","embeddable":true,"href":"https:\/\/cipele.ba\/en\/wp-json\/wp\/v2\/product_cat?post=26915"},{"taxonomy":"product_tag","embeddable":true,"href":"https:\/\/cipele.ba\/en\/wp-json\/wp\/v2\/product_tag?post=26915"}],"curies":[{"name":"wp","href":"https:\/\/api.w.org\/{rel}","templated":true}]}}