{"id":26925,"date":"2025-10-13T22:31:08","date_gmt":"2025-10-13T22:31:08","guid":{"rendered":"https:\/\/cipele.ba\/shop\/uncategorized\/kronos-mickey-2\/"},"modified":"2026-04-19T08:50:25","modified_gmt":"2026-04-19T08:50:25","slug":"kronos-mickey-2","status":"publish","type":"product","link":"https:\/\/cipele.ba\/en\/shop\/muskarci\/muske-patike\/kronos-mickey-2\/","title":{"rendered":"Kronos MICKEY"},"content":{"rendered":"<p>Kronos Mickey su mu\u0161ke lifestyle patike koje kombinuju moderan dizajn sa izuzetnom udobno\u0161\u0107u, zahvaljuju\u0107i Memory Foam tehnologiji. Idealne su za svakodnevno no\u0161enje \u2013 bilo da ste u pokretu, na poslu ili u opu\u0161tenoj \u0161etnji. Lagana konstrukcija i prozra\u010dni materijali omogu\u0107avaju cjelodnevni komfor, dok univerzalan stil lako prati razli\u010dite modne kombinacije.<br \/>Detalji:<\/p>\n<li> Memory Foam ulo\u017eak \u2013 pru\u017ea personalizovanu udobnost i smanjuje zamor stopala.<\/li>\n<li>Lagan i prozra\u010dan materijal \u2013 omogu\u0107ava optimalnu ventilaciju i lako\u0107u kretanja.<\/li>\n<li> Svestran dizajn \u2013 uklapa se uz sportski, le\u017eeran ili urbani stil. <\/li>","protected":false},"excerpt":{"rendered":"<p>Kronos Mickey su mu\u0161ke lifestyle patike koje kombinuju moderan dizajn sa izuzetnom udobno\u0161\u0107u, zahvaljuju\u0107i Memory Foam tehnologiji. Idealne su za svakodnevno no\u0161enje \u2013 bilo da ste u pokretu, na poslu ili u opu\u0161tenoj \u0161etnji. Lagana konstrukcija i prozra\u010dni materijali omogu\u0107avaju cjelodnevni komfor, dok univerzalan stil lako prati razli\u010dite modne kombinacije.Detalji: Memory Foam ulo\u017eak \u2013 pru\u017ea [&hellip;]<\/p>","protected":false},"featured_media":26923,"template":"","meta":{"jetpack_post_was_ever_published":false},"product_brand":[94],"product_cat":[67],"product_tag":[],"class_list":{"0":"post-26925","1":"product","2":"type-product","3":"status-publish","4":"has-post-thumbnail","6":"product_brand-sport_vision","7":"product_cat-muske-patike","9":"first","10":"instock","11":"shipping-taxable","12":"product-type-external"},"jetpack-related-posts":[],"jetpack_sharing_enabled":true,"_links":{"self":[{"href":"https:\/\/cipele.ba\/en\/wp-json\/wp\/v2\/product\/26925","targetHints":{"allow":["GET"]}}],"collection":[{"href":"https:\/\/cipele.ba\/en\/wp-json\/wp\/v2\/product"}],"about":[{"href":"https:\/\/cipele.ba\/en\/wp-json\/wp\/v2\/types\/product"}],"wp:featuredmedia":[{"embeddable":true,"href":"https:\/\/cipele.ba\/en\/wp-json\/wp\/v2\/media\/26923"}],"wp:attachment":[{"href":"https:\/\/cipele.ba\/en\/wp-json\/wp\/v2\/media?parent=26925"}],"wp:term":[{"taxonomy":"product_brand","embeddable":true,"href":"https:\/\/cipele.ba\/en\/wp-json\/wp\/v2\/product_brand?post=26925"},{"taxonomy":"product_cat","embeddable":true,"href":"https:\/\/cipele.ba\/en\/wp-json\/wp\/v2\/product_cat?post=26925"},{"taxonomy":"product_tag","embeddable":true,"href":"https:\/\/cipele.ba\/en\/wp-json\/wp\/v2\/product_tag?post=26925"}],"curies":[{"name":"wp","href":"https:\/\/api.w.org\/{rel}","templated":true}]}}