{"id":26930,"date":"2025-10-13T22:31:10","date_gmt":"2025-10-13T22:31:10","guid":{"rendered":"https:\/\/cipele.ba\/shop\/uncategorized\/kronos-leonardo\/"},"modified":"2026-04-21T09:07:55","modified_gmt":"2026-04-21T09:07:55","slug":"kronos-leonardo","status":"publish","type":"product","link":"https:\/\/cipele.ba\/en\/shop\/muskarci\/muske-patike\/kronos-leonardo\/","title":{"rendered":"Kronos LEONARDO"},"content":{"rendered":"<p>Kronos Leonardo mu\u0161ke patike nude udobnost, funkcionalnost i moderan izgled za svakodnevne aktivnosti. Zahvaljuju\u0107i ulo\u0161ku sa memorijskom pjenom, ovaj model pru\u017ea izuzetnu podr\u0161ku i prilago\u0111ava se obliku stopala, \u010dine\u0107i ih idealnim za du\u017ee no\u0161enje \u2013 bilo da ste u pokretu ili u opu\u0161tenoj varijanti.<br \/>Detalji:<\/p>\n<li> Memory foam ulo\u017eak \u2013 oblikuje se prema stopalu za maksimalnu udobnost i rastere\u0107enje pritiska.<\/li>\n<li> Lagane i fleksibilne \u2013 savr\u0161ene za \u0161etnju, posao ili slobodno vrijeme.<\/li>\n<li> Svestran lifestyle dizajn \u2013 jednostavan, ali moderan izgled koji se lako uklapa uz razli\u010dite odjevne kombinacije. <\/li>","protected":false},"excerpt":{"rendered":"<p>Kronos Leonardo mu\u0161ke patike nude udobnost, funkcionalnost i moderan izgled za svakodnevne aktivnosti. Zahvaljuju\u0107i ulo\u0161ku sa memorijskom pjenom, ovaj model pru\u017ea izuzetnu podr\u0161ku i prilago\u0111ava se obliku stopala, \u010dine\u0107i ih idealnim za du\u017ee no\u0161enje \u2013 bilo da ste u pokretu ili u opu\u0161tenoj varijanti.Detalji: Memory foam ulo\u017eak \u2013 oblikuje se prema stopalu za maksimalnu udobnost [&hellip;]<\/p>","protected":false},"featured_media":26929,"template":"","meta":{"jetpack_post_was_ever_published":false},"product_brand":[94],"product_cat":[67],"product_tag":[],"class_list":{"0":"post-26930","1":"product","2":"type-product","3":"status-publish","4":"has-post-thumbnail","6":"product_brand-sport_vision","7":"product_cat-muske-patike","9":"first","10":"instock","11":"shipping-taxable","12":"product-type-external"},"jetpack-related-posts":[],"jetpack_sharing_enabled":true,"_links":{"self":[{"href":"https:\/\/cipele.ba\/en\/wp-json\/wp\/v2\/product\/26930","targetHints":{"allow":["GET"]}}],"collection":[{"href":"https:\/\/cipele.ba\/en\/wp-json\/wp\/v2\/product"}],"about":[{"href":"https:\/\/cipele.ba\/en\/wp-json\/wp\/v2\/types\/product"}],"wp:featuredmedia":[{"embeddable":true,"href":"https:\/\/cipele.ba\/en\/wp-json\/wp\/v2\/media\/26929"}],"wp:attachment":[{"href":"https:\/\/cipele.ba\/en\/wp-json\/wp\/v2\/media?parent=26930"}],"wp:term":[{"taxonomy":"product_brand","embeddable":true,"href":"https:\/\/cipele.ba\/en\/wp-json\/wp\/v2\/product_brand?post=26930"},{"taxonomy":"product_cat","embeddable":true,"href":"https:\/\/cipele.ba\/en\/wp-json\/wp\/v2\/product_cat?post=26930"},{"taxonomy":"product_tag","embeddable":true,"href":"https:\/\/cipele.ba\/en\/wp-json\/wp\/v2\/product_tag?post=26930"}],"curies":[{"name":"wp","href":"https:\/\/api.w.org\/{rel}","templated":true}]}}