{"id":26940,"date":"2025-10-13T22:31:16","date_gmt":"2025-10-13T22:31:16","guid":{"rendered":"https:\/\/cipele.ba\/shop\/uncategorized\/nike-air-force-1-07\/"},"modified":"2026-04-21T22:04:53","modified_gmt":"2026-04-21T22:04:53","slug":"nike-air-force-1-07","status":"publish","type":"product","link":"https:\/\/cipele.ba\/en\/shop\/muskarci\/muske-patike\/nike-air-force-1-07\/","title":{"rendered":"Nike Air Force 1 &#8216;07"},"content":{"rendered":"<p> Nike Air Force 1 &#8216;07 su mu\u0161ke poluduboke patike iz \u010duvene Air Force kolekcije. <\/p>\n<p> Veoma su udobne. Ove patike su inspirisane legendarnim modelom iz 1982. godine, koji je doneo vanvremenski komfor. Gornji dio patika je izra\u0111en od mekane, prevrnute ko\u017ee. Klasi\u010dni Nike vazdu\u0161ni jastuk donosi vam udobnost pri svakom koraku. Gumeni \u0111on odli\u010dno prijanja uz razne povr\u0161ine. Ove patike su odli\u010dan izbor za sve vas koji volite udobnost i vrhunsku sportsku eleganciju. Mogu se nositi tokom raznih dnevnih aktivnosti. U njima \u0107e vam sigurno biti udobno tokom cijelog dana. Njihov moderan izgled savr\u0161eno se uklapa u pri\u010du urbanog, opu\u0161tenog stila. <\/p>\n<p> SPECIFIKACIJA PROIZVODA: <\/p>\n<li> Gornji dio: ko\u017ea <\/li>\n<li> Gumeni \u0111on i Air tehnologija <\/li>\n<li> Vezivanje na pertle i \u010di\u010dak traku <\/li>","protected":false},"excerpt":{"rendered":"<p>Nike Air Force 1 &#8216;07 su mu\u0161ke poluduboke patike iz \u010duvene Air Force kolekcije. Veoma su udobne. Ove patike su inspirisane legendarnim modelom iz 1982. godine, koji je doneo vanvremenski komfor. Gornji dio patika je izra\u0111en od mekane, prevrnute ko\u017ee. Klasi\u010dni Nike vazdu\u0161ni jastuk donosi vam udobnost pri svakom koraku. Gumeni \u0111on odli\u010dno prijanja uz [&hellip;]<\/p>","protected":false},"featured_media":26938,"template":"","meta":{"jetpack_post_was_ever_published":false},"product_brand":[94],"product_cat":[67],"product_tag":[],"class_list":{"0":"post-26940","1":"product","2":"type-product","3":"status-publish","4":"has-post-thumbnail","6":"product_brand-sport_vision","7":"product_cat-muske-patike","9":"first","10":"instock","11":"shipping-taxable","12":"product-type-external"},"jetpack-related-posts":[],"jetpack_sharing_enabled":true,"_links":{"self":[{"href":"https:\/\/cipele.ba\/en\/wp-json\/wp\/v2\/product\/26940","targetHints":{"allow":["GET"]}}],"collection":[{"href":"https:\/\/cipele.ba\/en\/wp-json\/wp\/v2\/product"}],"about":[{"href":"https:\/\/cipele.ba\/en\/wp-json\/wp\/v2\/types\/product"}],"wp:featuredmedia":[{"embeddable":true,"href":"https:\/\/cipele.ba\/en\/wp-json\/wp\/v2\/media\/26938"}],"wp:attachment":[{"href":"https:\/\/cipele.ba\/en\/wp-json\/wp\/v2\/media?parent=26940"}],"wp:term":[{"taxonomy":"product_brand","embeddable":true,"href":"https:\/\/cipele.ba\/en\/wp-json\/wp\/v2\/product_brand?post=26940"},{"taxonomy":"product_cat","embeddable":true,"href":"https:\/\/cipele.ba\/en\/wp-json\/wp\/v2\/product_cat?post=26940"},{"taxonomy":"product_tag","embeddable":true,"href":"https:\/\/cipele.ba\/en\/wp-json\/wp\/v2\/product_tag?post=26940"}],"curies":[{"name":"wp","href":"https:\/\/api.w.org\/{rel}","templated":true}]}}