{"id":26953,"date":"2025-10-13T22:31:22","date_gmt":"2025-10-13T22:31:22","guid":{"rendered":"https:\/\/cipele.ba\/shop\/uncategorized\/adidas-adizero-sl2\/"},"modified":"2026-04-16T00:55:16","modified_gmt":"2026-04-16T00:55:16","slug":"adidas-adizero-sl2","status":"publish","type":"product","link":"https:\/\/cipele.ba\/en\/shop\/muskarci\/muske-patike\/adidas-adizero-sl2\/","title":{"rendered":"adidas Adizero SL2"},"content":{"rendered":"<\/p>\n<p> Tr\u010danje je na\u010din otkrivanja sopstvenih mogu\u0107nosti i ove adidas Adizero SL2 mu\u0161ke patike za tr\u010danje su dizajnirane da vam pomognu da uradite upravo to. <\/p>\n<\/p>\n<p> <b> Detalji <\/b> <\/p>\n<li> Uobi\u010dajeni kroj <\/li>\n<li> Pertlanje <\/li>\n<li> Tekstilna postava <\/li>\n<li> Te\u017eina: 8,4 unci tj. 238,1 g (veli\u010dina 9) <\/li>\n<li> Pad srednjeg \u0111ona: 9 mm (peta: 36 mm \/ prsti: 27 mm) <\/li>\n<li> Gumeni spoljni \u0111on <\/li>\n<li> Meko dizajnirano mre\u017easto gornji\u0161te sa ciljanom potporom i zonama omogu\u0107ava bolju prozra\u010dnost i potporu u klju\u010dnim oblastima <\/li>\n<li> Blago postavljena peta i jezik kreiraju najbolji i najmek\u0161i osje\u0107aj za trka\u010de <\/li>\n<li> Lightstrike Pro drop-in pune du\u017eine u Lightstrike nosa\u010du, i gornji obod za lijepljenje i bo\u010dni zid omogu\u0107uju trka\u010dima da stanu direktno na Lightstrike Pro za najbolji osje\u0107aj pri kretanju. <\/li>","protected":false},"excerpt":{"rendered":"<p>Tr\u010danje je na\u010din otkrivanja sopstvenih mogu\u0107nosti i ove adidas Adizero SL2 mu\u0161ke patike za tr\u010danje su dizajnirane da vam pomognu da uradite upravo to. Detalji Uobi\u010dajeni kroj Pertlanje Tekstilna postava Te\u017eina: 8,4 unci tj. 238,1 g (veli\u010dina 9) Pad srednjeg \u0111ona: 9 mm (peta: 36 mm \/ prsti: 27 mm) Gumeni spoljni \u0111on Meko dizajnirano [&hellip;]<\/p>","protected":false},"featured_media":26950,"template":"","meta":{"jetpack_post_was_ever_published":false},"product_brand":[94],"product_cat":[67],"product_tag":[],"class_list":{"0":"post-26953","1":"product","2":"type-product","3":"status-publish","4":"has-post-thumbnail","6":"product_brand-sport_vision","7":"product_cat-muske-patike","9":"first","10":"instock","11":"shipping-taxable","12":"product-type-external"},"jetpack-related-posts":[],"jetpack_sharing_enabled":true,"_links":{"self":[{"href":"https:\/\/cipele.ba\/en\/wp-json\/wp\/v2\/product\/26953","targetHints":{"allow":["GET"]}}],"collection":[{"href":"https:\/\/cipele.ba\/en\/wp-json\/wp\/v2\/product"}],"about":[{"href":"https:\/\/cipele.ba\/en\/wp-json\/wp\/v2\/types\/product"}],"wp:featuredmedia":[{"embeddable":true,"href":"https:\/\/cipele.ba\/en\/wp-json\/wp\/v2\/media\/26950"}],"wp:attachment":[{"href":"https:\/\/cipele.ba\/en\/wp-json\/wp\/v2\/media?parent=26953"}],"wp:term":[{"taxonomy":"product_brand","embeddable":true,"href":"https:\/\/cipele.ba\/en\/wp-json\/wp\/v2\/product_brand?post=26953"},{"taxonomy":"product_cat","embeddable":true,"href":"https:\/\/cipele.ba\/en\/wp-json\/wp\/v2\/product_cat?post=26953"},{"taxonomy":"product_tag","embeddable":true,"href":"https:\/\/cipele.ba\/en\/wp-json\/wp\/v2\/product_tag?post=26953"}],"curies":[{"name":"wp","href":"https:\/\/api.w.org\/{rel}","templated":true}]}}