{"id":26954,"date":"2025-10-13T22:31:22","date_gmt":"2025-10-13T22:31:22","guid":{"rendered":"https:\/\/cipele.ba\/shop\/uncategorized\/under-armour-phantom-4\/"},"modified":"2026-04-18T16:45:46","modified_gmt":"2026-04-18T16:45:46","slug":"under-armour-phantom-4","status":"publish","type":"product","link":"https:\/\/cipele.ba\/en\/shop\/muskarci\/muske-patike\/under-armour-phantom-4\/","title":{"rendered":"Under Armour Phantom 4"},"content":{"rendered":"<\/p>\n<p> Under Armour Phantom 4 unisex patike kombinuju performanse tehni\u010dke patike za tr\u010danje sa modernim stilom uli\u010dne obu\u0107e \u2013 pru\u017eaju\u0107i udobnost, izdr\u017eljivost i povrat energije. <\/p>\n<\/p>\n<p> <b> Detalji: <\/b> <\/p>\n<li> Oblikovan, mekan i strukturiran gornji dio za cjelodnevnu udobnost <\/li>\n<li> Pleteni rub pru\u017ea prianjanje poput \u010darape i lako\u0107u pri obuvanju <\/li>\n<li> Elegantna TPU peta i jezi\u010dak za lako obuvanje i izuvanje <\/li>\n<li> Mekan, oblikovan ulo\u017eak pobolj\u0161ava amortizaciju ispod stopala <\/li>\n<li> UA HOVR\u2122+ amortizacija smanjuje udarce i vra\u0107a energiju za pokretanje naprijed <\/li>\n<li> Izdr\u017eljiv gumeni \u0111on za bolje prianjanje <\/li>","protected":false},"excerpt":{"rendered":"<p>Under Armour Phantom 4 unisex patike kombinuju performanse tehni\u010dke patike za tr\u010danje sa modernim stilom uli\u010dne obu\u0107e \u2013 pru\u017eaju\u0107i udobnost, izdr\u017eljivost i povrat energije. Detalji: Oblikovan, mekan i strukturiran gornji dio za cjelodnevnu udobnost Pleteni rub pru\u017ea prianjanje poput \u010darape i lako\u0107u pri obuvanju Elegantna TPU peta i jezi\u010dak za lako obuvanje i izuvanje Mekan, [&hellip;]<\/p>","protected":false},"featured_media":26952,"template":"","meta":{"jetpack_post_was_ever_published":false},"product_brand":[94],"product_cat":[67],"product_tag":[],"class_list":{"0":"post-26954","1":"product","2":"type-product","3":"status-publish","4":"has-post-thumbnail","6":"product_brand-sport_vision","7":"product_cat-muske-patike","9":"first","10":"instock","11":"sale","12":"shipping-taxable","13":"product-type-external"},"jetpack-related-posts":[],"jetpack_sharing_enabled":true,"_links":{"self":[{"href":"https:\/\/cipele.ba\/en\/wp-json\/wp\/v2\/product\/26954","targetHints":{"allow":["GET"]}}],"collection":[{"href":"https:\/\/cipele.ba\/en\/wp-json\/wp\/v2\/product"}],"about":[{"href":"https:\/\/cipele.ba\/en\/wp-json\/wp\/v2\/types\/product"}],"wp:featuredmedia":[{"embeddable":true,"href":"https:\/\/cipele.ba\/en\/wp-json\/wp\/v2\/media\/26952"}],"wp:attachment":[{"href":"https:\/\/cipele.ba\/en\/wp-json\/wp\/v2\/media?parent=26954"}],"wp:term":[{"taxonomy":"product_brand","embeddable":true,"href":"https:\/\/cipele.ba\/en\/wp-json\/wp\/v2\/product_brand?post=26954"},{"taxonomy":"product_cat","embeddable":true,"href":"https:\/\/cipele.ba\/en\/wp-json\/wp\/v2\/product_cat?post=26954"},{"taxonomy":"product_tag","embeddable":true,"href":"https:\/\/cipele.ba\/en\/wp-json\/wp\/v2\/product_tag?post=26954"}],"curies":[{"name":"wp","href":"https:\/\/api.w.org\/{rel}","templated":true}]}}