{"id":26966,"date":"2025-10-13T22:31:28","date_gmt":"2025-10-13T22:31:28","guid":{"rendered":"https:\/\/cipele.ba\/shop\/uncategorized\/adidas-terrex-free-hiker\/"},"modified":"2026-04-18T14:43:15","modified_gmt":"2026-04-18T14:43:15","slug":"adidas-terrex-free-hiker","status":"publish","type":"product","link":"https:\/\/cipele.ba\/en\/shop\/muskarci\/muske-patike\/adidas-terrex-free-hiker\/","title":{"rendered":"adidas Terrex Free Hiker"},"content":{"rendered":"<\/p>\n<p> adidas Terrex Free Hiker mu\u0161ke patike vam omogu\u0107avaju da idete na hajking dalje i istra\u017eujete vi\u0161e. <\/p>\n<\/p>\n<p> <b> Detalji <\/b> <\/p>\n<li> Lagane patike za hajking pru\u017eaju udobnost i potporu slede\u0107eg nivoa <\/li>\n<li> BOOST srednji \u0111on daje energiju u svakom koraku da biste nastavili da se kre\u0107ete <\/li>\n<li> GORE-TEX membrana blokira vla\u017ene uslove i istovremeno omogu\u0107ava va\u0161im stopalima da di\u0161u dok se zagrijavaju <\/li>\n<li> Meko i pouzdano gornji\u0161te i oja\u010dani jezik grle va\u0161e stopalo uz prilagodljivu udobnost <\/li>\n<li> Unutra\u0161nji okvir i potpora na peti pru\u017eaju stabilnost <\/li>\n<li> Spoljni \u0111on od Continental\u2122 gume odr\u017eava pouzdanu trakciju\n<\/p>\n<p> <b> Eco story <\/b> <\/li>\n<li> Ovaj proizvod sadr\u017ei najmanje 50% recikliranih materijala <\/li>","protected":false},"excerpt":{"rendered":"<p>adidas Terrex Free Hiker mu\u0161ke patike vam omogu\u0107avaju da idete na hajking dalje i istra\u017eujete vi\u0161e. Detalji Lagane patike za hajking pru\u017eaju udobnost i potporu slede\u0107eg nivoa BOOST srednji \u0111on daje energiju u svakom koraku da biste nastavili da se kre\u0107ete GORE-TEX membrana blokira vla\u017ene uslove i istovremeno omogu\u0107ava va\u0161im stopalima da di\u0161u dok se [&hellip;]<\/p>","protected":false},"featured_media":26965,"template":"","meta":{"jetpack_post_was_ever_published":false},"product_brand":[94],"product_cat":[67],"product_tag":[],"class_list":{"0":"post-26966","1":"product","2":"type-product","3":"status-publish","4":"has-post-thumbnail","6":"product_brand-sport_vision","7":"product_cat-muske-patike","9":"first","10":"instock","11":"sale","12":"shipping-taxable","13":"product-type-external"},"jetpack-related-posts":[],"jetpack_sharing_enabled":true,"_links":{"self":[{"href":"https:\/\/cipele.ba\/en\/wp-json\/wp\/v2\/product\/26966","targetHints":{"allow":["GET"]}}],"collection":[{"href":"https:\/\/cipele.ba\/en\/wp-json\/wp\/v2\/product"}],"about":[{"href":"https:\/\/cipele.ba\/en\/wp-json\/wp\/v2\/types\/product"}],"wp:featuredmedia":[{"embeddable":true,"href":"https:\/\/cipele.ba\/en\/wp-json\/wp\/v2\/media\/26965"}],"wp:attachment":[{"href":"https:\/\/cipele.ba\/en\/wp-json\/wp\/v2\/media?parent=26966"}],"wp:term":[{"taxonomy":"product_brand","embeddable":true,"href":"https:\/\/cipele.ba\/en\/wp-json\/wp\/v2\/product_brand?post=26966"},{"taxonomy":"product_cat","embeddable":true,"href":"https:\/\/cipele.ba\/en\/wp-json\/wp\/v2\/product_cat?post=26966"},{"taxonomy":"product_tag","embeddable":true,"href":"https:\/\/cipele.ba\/en\/wp-json\/wp\/v2\/product_tag?post=26966"}],"curies":[{"name":"wp","href":"https:\/\/api.w.org\/{rel}","templated":true}]}}