{"id":26971,"date":"2025-10-13T22:31:31","date_gmt":"2025-10-13T22:31:31","guid":{"rendered":"https:\/\/cipele.ba\/shop\/uncategorized\/nike-air-zoom-pegasus-41-se\/"},"modified":"2026-04-21T20:20:46","modified_gmt":"2026-04-21T20:20:46","slug":"nike-air-zoom-pegasus-41-se","status":"publish","type":"product","link":"https:\/\/cipele.ba\/en\/shop\/muskarci\/muske-patike\/nike-air-zoom-pegasus-41-se\/","title":{"rendered":"Nike Air Zoom Pegasus 41 SE"},"content":{"rendered":"<\/p>\n<p> Nike Air Zoom Pegasus 41 SE mu\u0161ke patike kombinuju odzivno ubla\u017eavanje i lagani dizajn kako bi Vas dr\u017eale u pokretu sa udobno\u0161\u0107u kilometar za kilometrom. <\/p>\n<\/p>\n<p> <b> Detalji <\/b> <\/p>\n<li> Dva Air Zoom jastuka za odzivno, elasti\u010dno ubla\u017eavanje <\/li>\n<li> ReactX pjena u me\u0111upotplatu za pove\u0107an povrat energije <\/li>\n<li> Lagan, prozra\u010dan mre\u017easti gornji dio <\/li>\n<li> Gumeni spoljni \u0111on inspirisan Vaffle dizajnom za prianjanje i fleksibilnost <\/li>\n<li> Mekana kragna i jezik za udobno prianjanje <\/li>\n<li> Reflektuju\u0107i detalji za bolju vidljivost pri slabom osvjetljenju <\/li>\n<li> Te\u017eina: Oko 297 g (broj 44 \/ US 10) <\/li>","protected":false},"excerpt":{"rendered":"<p>Nike Air Zoom Pegasus 41 SE mu\u0161ke patike kombinuju odzivno ubla\u017eavanje i lagani dizajn kako bi Vas dr\u017eale u pokretu sa udobno\u0161\u0107u kilometar za kilometrom. Detalji Dva Air Zoom jastuka za odzivno, elasti\u010dno ubla\u017eavanje ReactX pjena u me\u0111upotplatu za pove\u0107an povrat energije Lagan, prozra\u010dan mre\u017easti gornji dio Gumeni spoljni \u0111on inspirisan Vaffle dizajnom za prianjanje [&hellip;]<\/p>","protected":false},"featured_media":26969,"template":"","meta":{"jetpack_post_was_ever_published":false},"product_brand":[94],"product_cat":[67],"product_tag":[],"class_list":{"0":"post-26971","1":"product","2":"type-product","3":"status-publish","4":"has-post-thumbnail","6":"product_brand-sport_vision","7":"product_cat-muske-patike","9":"first","10":"instock","11":"sale","12":"shipping-taxable","13":"product-type-external"},"jetpack-related-posts":[],"jetpack_sharing_enabled":true,"_links":{"self":[{"href":"https:\/\/cipele.ba\/en\/wp-json\/wp\/v2\/product\/26971","targetHints":{"allow":["GET"]}}],"collection":[{"href":"https:\/\/cipele.ba\/en\/wp-json\/wp\/v2\/product"}],"about":[{"href":"https:\/\/cipele.ba\/en\/wp-json\/wp\/v2\/types\/product"}],"wp:featuredmedia":[{"embeddable":true,"href":"https:\/\/cipele.ba\/en\/wp-json\/wp\/v2\/media\/26969"}],"wp:attachment":[{"href":"https:\/\/cipele.ba\/en\/wp-json\/wp\/v2\/media?parent=26971"}],"wp:term":[{"taxonomy":"product_brand","embeddable":true,"href":"https:\/\/cipele.ba\/en\/wp-json\/wp\/v2\/product_brand?post=26971"},{"taxonomy":"product_cat","embeddable":true,"href":"https:\/\/cipele.ba\/en\/wp-json\/wp\/v2\/product_cat?post=26971"},{"taxonomy":"product_tag","embeddable":true,"href":"https:\/\/cipele.ba\/en\/wp-json\/wp\/v2\/product_tag?post=26971"}],"curies":[{"name":"wp","href":"https:\/\/api.w.org\/{rel}","templated":true}]}}