{"id":26988,"date":"2025-10-13T22:31:40","date_gmt":"2025-10-13T22:31:40","guid":{"rendered":"https:\/\/cipele.ba\/shop\/uncategorized\/nike-juniper-trail-2\/"},"modified":"2026-04-21T09:09:36","modified_gmt":"2026-04-21T09:09:36","slug":"nike-juniper-trail-2","status":"publish","type":"product","link":"https:\/\/cipele.ba\/en\/shop\/muskarci\/muske-patike\/nike-juniper-trail-2\/","title":{"rendered":"Nike Juniper Trail 2"},"content":{"rendered":"<\/p>\n<p> Nike Juniper Trail 2 mu\u0161ke lifestyle patike imaju GORE-TEX vodootpornu za\u0161titu na gornji\u0161tu, prianjaju\u0107i \u0111on i mekan me\u0111upotplat sa amortizacijom. Poma\u017eu da prsti ostanu suvi kada su uslovi na stazi mokri i klizavi. <\/p>\n<\/p>\n<p> <b> Detalji <\/b> <\/p>\n<li> Vodootporni GORE-TEX sloj sprije\u010dava prodor vode i poma\u017ee da stopala ostanu suva <\/li>\n<li> Pjena na kragni sa melan\u017e efektom odr\u017eava zglob toplim i spre\u010dava ulazak vode i sitnih \u010destica u patiku <\/li>\n<li> Kablovi integrisani u pertle obezbje\u0111uju sigurno prianjanje u predjelu risnog dijela, dok unutra\u0161nji sloj obavija stopalo za osje\u0107aj kao kod \u010darape <\/li>\n<li> Generativni dezen \u0111ona u kombinaciji sa gumenim kramponima pru\u017ea prianjanje pri usponu i spu\u0161tanju <\/li>\n<li> Napravljene za vla\u017ene uslove <\/li>\n<li> Sigurno pristajanje <\/li>\n<li> Udobno tr\u010danje <\/li>\n<li> Te\u017eina: Oko 323 g (mu\u0161ki US 10) <\/li>\n<li> Pad od pete do prstiju: 10 mm <\/li>","protected":false},"excerpt":{"rendered":"<p>Nike Juniper Trail 2 mu\u0161ke lifestyle patike imaju GORE-TEX vodootpornu za\u0161titu na gornji\u0161tu, prianjaju\u0107i \u0111on i mekan me\u0111upotplat sa amortizacijom. Poma\u017eu da prsti ostanu suvi kada su uslovi na stazi mokri i klizavi. Detalji Vodootporni GORE-TEX sloj sprije\u010dava prodor vode i poma\u017ee da stopala ostanu suva Pjena na kragni sa melan\u017e efektom odr\u017eava zglob toplim [&hellip;]<\/p>","protected":false},"featured_media":26986,"template":"","meta":{"jetpack_post_was_ever_published":false},"product_brand":[94],"product_cat":[67],"product_tag":[],"class_list":{"0":"post-26988","1":"product","2":"type-product","3":"status-publish","4":"has-post-thumbnail","6":"product_brand-sport_vision","7":"product_cat-muske-patike","9":"first","10":"instock","11":"sale","12":"shipping-taxable","13":"product-type-external"},"jetpack-related-posts":[],"jetpack_sharing_enabled":true,"_links":{"self":[{"href":"https:\/\/cipele.ba\/en\/wp-json\/wp\/v2\/product\/26988","targetHints":{"allow":["GET"]}}],"collection":[{"href":"https:\/\/cipele.ba\/en\/wp-json\/wp\/v2\/product"}],"about":[{"href":"https:\/\/cipele.ba\/en\/wp-json\/wp\/v2\/types\/product"}],"wp:featuredmedia":[{"embeddable":true,"href":"https:\/\/cipele.ba\/en\/wp-json\/wp\/v2\/media\/26986"}],"wp:attachment":[{"href":"https:\/\/cipele.ba\/en\/wp-json\/wp\/v2\/media?parent=26988"}],"wp:term":[{"taxonomy":"product_brand","embeddable":true,"href":"https:\/\/cipele.ba\/en\/wp-json\/wp\/v2\/product_brand?post=26988"},{"taxonomy":"product_cat","embeddable":true,"href":"https:\/\/cipele.ba\/en\/wp-json\/wp\/v2\/product_cat?post=26988"},{"taxonomy":"product_tag","embeddable":true,"href":"https:\/\/cipele.ba\/en\/wp-json\/wp\/v2\/product_tag?post=26988"}],"curies":[{"name":"wp","href":"https:\/\/api.w.org\/{rel}","templated":true}]}}