{"id":26990,"date":"2025-10-13T22:31:41","date_gmt":"2025-10-13T22:31:41","guid":{"rendered":"https:\/\/cipele.ba\/shop\/uncategorized\/on-cloudflow-5-2\/"},"modified":"2026-04-18T14:22:04","modified_gmt":"2026-04-18T14:22:04","slug":"on-cloudflow-5-2","status":"publish","type":"product","link":"https:\/\/cipele.ba\/en\/shop\/muskarci\/muske-patike\/on-cloudflow-5-2\/","title":{"rendered":"On Cloudflow 5"},"content":{"rendered":"<\/p>\n<p> On Cloudflow 5 mu\u0161ke patike za tr\u010danje na gradskim ulicama imaju nadogradnju performansi uz meku Helion\u2122 superpjenu i prozra\u010dnu tkaninu. <\/p>\n<\/p>\n<p> <b> Detalji <\/b> <\/p>\n<li> Te\u017eina: 248 g <\/li>\n<li> Novi srednji \u0111on od Helion\u2122 superpjene dvostruke gustine za mek dodir s tlom <\/li>\n<li> Prozra\u010dno jednodijelno gornji\u0161te s perforiranim dijelom za prste <\/li>\n<li> Modernizovana konstrukcija kaveza za bolje zadr\u017eavanje sredine stopala. Speedboard\u00ae od mje\u0161avine najlona za responzivan odraz <\/li>\n<li> Svje\u017ea estetika i udoban kroj <\/li>\n<li> Geometrija srednjeg \u0111ona sa savijenim oblikom za osje\u0107aj brzog kretanja unaprijed <\/li>\n<li> Prilagodljive patike za tr\u010danje na ulicama i u gradovima svakog dana <\/li>\n<li> Prilagodljivi stil za prije, tokom i nakon tr\u010danja <\/li>","protected":false},"excerpt":{"rendered":"<p>On Cloudflow 5 mu\u0161ke patike za tr\u010danje na gradskim ulicama imaju nadogradnju performansi uz meku Helion\u2122 superpjenu i prozra\u010dnu tkaninu. Detalji Te\u017eina: 248 g Novi srednji \u0111on od Helion\u2122 superpjene dvostruke gustine za mek dodir s tlom Prozra\u010dno jednodijelno gornji\u0161te s perforiranim dijelom za prste Modernizovana konstrukcija kaveza za bolje zadr\u017eavanje sredine stopala. Speedboard\u00ae od [&hellip;]<\/p>","protected":false},"featured_media":26989,"template":"","meta":{"jetpack_post_was_ever_published":false},"product_brand":[94],"product_cat":[67],"product_tag":[],"class_list":{"0":"post-26990","1":"product","2":"type-product","3":"status-publish","4":"has-post-thumbnail","6":"product_brand-sport_vision","7":"product_cat-muske-patike","9":"first","10":"instock","11":"sale","12":"shipping-taxable","13":"product-type-external"},"jetpack-related-posts":[],"jetpack_sharing_enabled":true,"_links":{"self":[{"href":"https:\/\/cipele.ba\/en\/wp-json\/wp\/v2\/product\/26990","targetHints":{"allow":["GET"]}}],"collection":[{"href":"https:\/\/cipele.ba\/en\/wp-json\/wp\/v2\/product"}],"about":[{"href":"https:\/\/cipele.ba\/en\/wp-json\/wp\/v2\/types\/product"}],"wp:featuredmedia":[{"embeddable":true,"href":"https:\/\/cipele.ba\/en\/wp-json\/wp\/v2\/media\/26989"}],"wp:attachment":[{"href":"https:\/\/cipele.ba\/en\/wp-json\/wp\/v2\/media?parent=26990"}],"wp:term":[{"taxonomy":"product_brand","embeddable":true,"href":"https:\/\/cipele.ba\/en\/wp-json\/wp\/v2\/product_brand?post=26990"},{"taxonomy":"product_cat","embeddable":true,"href":"https:\/\/cipele.ba\/en\/wp-json\/wp\/v2\/product_cat?post=26990"},{"taxonomy":"product_tag","embeddable":true,"href":"https:\/\/cipele.ba\/en\/wp-json\/wp\/v2\/product_tag?post=26990"}],"curies":[{"name":"wp","href":"https:\/\/api.w.org\/{rel}","templated":true}]}}