{"id":27006,"date":"2025-10-13T22:31:49","date_gmt":"2025-10-13T22:31:49","guid":{"rendered":"https:\/\/cipele.ba\/shop\/uncategorized\/nike-vomero-18-2\/"},"modified":"2026-04-20T06:31:51","modified_gmt":"2026-04-20T06:31:51","slug":"nike-vomero-18-2","status":"publish","type":"product","link":"https:\/\/cipele.ba\/en\/shop\/muskarci\/muske-patike\/nike-vomero-18-2\/","title":{"rendered":"Nike Vomero 18"},"content":{"rendered":"<\/p>\n<p> Nike Vomero mu\u0161ke patike za tr\u010danje pru\u017eaju maksimalnu udobnost za svakodnevno tr\u010danje zahvaljuju\u0107i ultramekanoj ZoomX i ReactX amortizaciji i redizajniranom \u0111onu za glatke tranzicije. <\/p>\n<\/p>\n<p> <b> Detalji <\/b> <\/p>\n<li> Mre\u017easto gornji\u0161te za meku prozra\u010dnost <\/li>\n<li> Dvoslojni me\u0111upotplat ima ZoomX pjenu postavljenu preko ReactX pjene \u2013 13% odzivniju od prethodne React tehnologije <\/li>\n<li> Jastu\u010di\u0107i oko spoljnog \u0111ona pove\u0107avaju agilnost i pru\u017eaju gladak prelaz sa pete na prste <\/li>\n<li> Mekani jezik i postava za udobno i sigurno pristajanje <\/li>","protected":false},"excerpt":{"rendered":"<p>Nike Vomero mu\u0161ke patike za tr\u010danje pru\u017eaju maksimalnu udobnost za svakodnevno tr\u010danje zahvaljuju\u0107i ultramekanoj ZoomX i ReactX amortizaciji i redizajniranom \u0111onu za glatke tranzicije. Detalji Mre\u017easto gornji\u0161te za meku prozra\u010dnost Dvoslojni me\u0111upotplat ima ZoomX pjenu postavljenu preko ReactX pjene \u2013 13% odzivniju od prethodne React tehnologije Jastu\u010di\u0107i oko spoljnog \u0111ona pove\u0107avaju agilnost i pru\u017eaju gladak [&hellip;]<\/p>","protected":false},"featured_media":27004,"template":"","meta":{"jetpack_post_was_ever_published":false},"product_brand":[94],"product_cat":[67],"product_tag":[],"class_list":{"0":"post-27006","1":"product","2":"type-product","3":"status-publish","4":"has-post-thumbnail","6":"product_brand-sport_vision","7":"product_cat-muske-patike","9":"first","10":"instock","11":"sale","12":"shipping-taxable","13":"product-type-external"},"jetpack-related-posts":[],"jetpack_sharing_enabled":true,"_links":{"self":[{"href":"https:\/\/cipele.ba\/en\/wp-json\/wp\/v2\/product\/27006","targetHints":{"allow":["GET"]}}],"collection":[{"href":"https:\/\/cipele.ba\/en\/wp-json\/wp\/v2\/product"}],"about":[{"href":"https:\/\/cipele.ba\/en\/wp-json\/wp\/v2\/types\/product"}],"wp:featuredmedia":[{"embeddable":true,"href":"https:\/\/cipele.ba\/en\/wp-json\/wp\/v2\/media\/27004"}],"wp:attachment":[{"href":"https:\/\/cipele.ba\/en\/wp-json\/wp\/v2\/media?parent=27006"}],"wp:term":[{"taxonomy":"product_brand","embeddable":true,"href":"https:\/\/cipele.ba\/en\/wp-json\/wp\/v2\/product_brand?post=27006"},{"taxonomy":"product_cat","embeddable":true,"href":"https:\/\/cipele.ba\/en\/wp-json\/wp\/v2\/product_cat?post=27006"},{"taxonomy":"product_tag","embeddable":true,"href":"https:\/\/cipele.ba\/en\/wp-json\/wp\/v2\/product_tag?post=27006"}],"curies":[{"name":"wp","href":"https:\/\/api.w.org\/{rel}","templated":true}]}}