{"id":27010,"date":"2025-10-13T22:31:51","date_gmt":"2025-10-13T22:31:51","guid":{"rendered":"https:\/\/cipele.ba\/shop\/uncategorized\/nike-v5-rnr-2\/"},"modified":"2026-04-20T02:30:50","modified_gmt":"2026-04-20T02:30:50","slug":"nike-v5-rnr-2","status":"publish","type":"product","link":"https:\/\/cipele.ba\/en\/shop\/muskarci\/muske-patike\/nike-v5-rnr-2\/","title":{"rendered":"Nike V5 RNR"},"content":{"rendered":"<\/p>\n<p> Suo\u010dite se sa svakodnevicom u patikama koje spajaju udobnost i stil. Ostaju\u0107i vjerne Y2K korenima, Nike V5 RNR mu\u0161ke lifestyle patike imaju me\u0111upotplat od pjene koji je glomazan, ali lagan. <\/p>\n<\/p>\n<p> <b> Detalji <\/b> <\/p>\n<li> Slojevito gornji\u0161te sa mre\u017eastim panelima je lagano i prozra\u010dno <\/li>\n<li> Mekana postava kragne i me\u0111upotplat od pjene za cjelodnevnu udobnost <\/li>\n<li> Gumeni spoljni \u0111on pru\u017ea izdr\u017eljivo prianjanje na razli\u010ditim podlogama <\/li>","protected":false},"excerpt":{"rendered":"<p>Suo\u010dite se sa svakodnevicom u patikama koje spajaju udobnost i stil. Ostaju\u0107i vjerne Y2K korenima, Nike V5 RNR mu\u0161ke lifestyle patike imaju me\u0111upotplat od pjene koji je glomazan, ali lagan. Detalji Slojevito gornji\u0161te sa mre\u017eastim panelima je lagano i prozra\u010dno Mekana postava kragne i me\u0111upotplat od pjene za cjelodnevnu udobnost Gumeni spoljni \u0111on pru\u017ea izdr\u017eljivo [&hellip;]<\/p>","protected":false},"featured_media":27009,"template":"","meta":{"jetpack_post_was_ever_published":false},"product_brand":[94],"product_cat":[67],"product_tag":[],"class_list":{"0":"post-27010","1":"product","2":"type-product","3":"status-publish","4":"has-post-thumbnail","6":"product_brand-sport_vision","7":"product_cat-muske-patike","9":"first","10":"instock","11":"sale","12":"shipping-taxable","13":"product-type-external"},"jetpack-related-posts":[],"jetpack_sharing_enabled":true,"_links":{"self":[{"href":"https:\/\/cipele.ba\/en\/wp-json\/wp\/v2\/product\/27010","targetHints":{"allow":["GET"]}}],"collection":[{"href":"https:\/\/cipele.ba\/en\/wp-json\/wp\/v2\/product"}],"about":[{"href":"https:\/\/cipele.ba\/en\/wp-json\/wp\/v2\/types\/product"}],"wp:featuredmedia":[{"embeddable":true,"href":"https:\/\/cipele.ba\/en\/wp-json\/wp\/v2\/media\/27009"}],"wp:attachment":[{"href":"https:\/\/cipele.ba\/en\/wp-json\/wp\/v2\/media?parent=27010"}],"wp:term":[{"taxonomy":"product_brand","embeddable":true,"href":"https:\/\/cipele.ba\/en\/wp-json\/wp\/v2\/product_brand?post=27010"},{"taxonomy":"product_cat","embeddable":true,"href":"https:\/\/cipele.ba\/en\/wp-json\/wp\/v2\/product_cat?post=27010"},{"taxonomy":"product_tag","embeddable":true,"href":"https:\/\/cipele.ba\/en\/wp-json\/wp\/v2\/product_tag?post=27010"}],"curies":[{"name":"wp","href":"https:\/\/api.w.org\/{rel}","templated":true}]}}