{"id":27024,"date":"2025-10-13T22:31:58","date_gmt":"2025-10-13T22:31:58","guid":{"rendered":"https:\/\/cipele.ba\/shop\/uncategorized\/hoka-clifton-10-6\/"},"modified":"2026-04-21T17:33:52","modified_gmt":"2026-04-21T17:33:52","slug":"hoka-clifton-10-6","status":"publish","type":"product","link":"https:\/\/cipele.ba\/en\/shop\/muskarci\/muske-patike\/hoka-clifton-10-6\/","title":{"rendered":"Hoka Clifton 10"},"content":{"rendered":"<\/p>\n<p> Bilo da ih koristite za svakodnevni trening ili dugo tr\u010danje, Clifton 10 mu\u0161ke patike za tr\u010danje pru\u017eaju udobnost koja \u0107e vas uvijek odu\u0161eviti. <\/p>\n<\/p>\n<p> <b> Detalji <\/b> <\/p>\n<li> CMEVA srednji \u0111on <\/li>\n<li> MetaRocker\u2122 <\/li>\n<li> Spoljni \u0111on od abrazivne gume <\/li>\n<li> Dvostruko pertlanje <\/li>\n<li> Pleteno gornji\u0161te <\/li>\n<li> Pad 8 mm <\/li>","protected":false},"excerpt":{"rendered":"<p>Bilo da ih koristite za svakodnevni trening ili dugo tr\u010danje, Clifton 10 mu\u0161ke patike za tr\u010danje pru\u017eaju udobnost koja \u0107e vas uvijek odu\u0161eviti. Detalji CMEVA srednji \u0111on MetaRocker\u2122 Spoljni \u0111on od abrazivne gume Dvostruko pertlanje Pleteno gornji\u0161te Pad 8 mm<\/p>","protected":false},"featured_media":27023,"template":"","meta":{"jetpack_post_was_ever_published":false},"product_brand":[94],"product_cat":[67],"product_tag":[],"class_list":{"0":"post-27024","1":"product","2":"type-product","3":"status-publish","4":"has-post-thumbnail","6":"product_brand-sport_vision","7":"product_cat-muske-patike","9":"first","10":"instock","11":"sale","12":"shipping-taxable","13":"product-type-external"},"jetpack-related-posts":[],"jetpack_sharing_enabled":true,"_links":{"self":[{"href":"https:\/\/cipele.ba\/en\/wp-json\/wp\/v2\/product\/27024","targetHints":{"allow":["GET"]}}],"collection":[{"href":"https:\/\/cipele.ba\/en\/wp-json\/wp\/v2\/product"}],"about":[{"href":"https:\/\/cipele.ba\/en\/wp-json\/wp\/v2\/types\/product"}],"wp:featuredmedia":[{"embeddable":true,"href":"https:\/\/cipele.ba\/en\/wp-json\/wp\/v2\/media\/27023"}],"wp:attachment":[{"href":"https:\/\/cipele.ba\/en\/wp-json\/wp\/v2\/media?parent=27024"}],"wp:term":[{"taxonomy":"product_brand","embeddable":true,"href":"https:\/\/cipele.ba\/en\/wp-json\/wp\/v2\/product_brand?post=27024"},{"taxonomy":"product_cat","embeddable":true,"href":"https:\/\/cipele.ba\/en\/wp-json\/wp\/v2\/product_cat?post=27024"},{"taxonomy":"product_tag","embeddable":true,"href":"https:\/\/cipele.ba\/en\/wp-json\/wp\/v2\/product_tag?post=27024"}],"curies":[{"name":"wp","href":"https:\/\/api.w.org\/{rel}","templated":true}]}}