{"id":27033,"date":"2025-10-13T22:32:03","date_gmt":"2025-10-13T22:32:03","guid":{"rendered":"https:\/\/cipele.ba\/shop\/uncategorized\/nike-zoom-vapor-16-academy-ic\/"},"modified":"2026-04-30T08:59:54","modified_gmt":"2026-04-30T08:59:54","slug":"nike-zoom-vapor-16-academy-ic","status":"publish","type":"product","link":"https:\/\/cipele.ba\/en\/shop\/muskarci\/muske-patike\/nike-zoom-vapor-16-academy-ic\/","title":{"rendered":"Nike ZOOM VAPOR 16 ACADEMY IC"},"content":{"rendered":"<\/p>\n<p> Ove Nike Zoom Vapor 16 Academy kopa\u010dke smo napravili s unapre\u0111enom Air Zoom jedinicom u peti. Pru\u017eaju vam ubrzanje potrebno za proboj zadnje linije. <\/p>\n<\/p>\n<p> <b> Detalji: <\/b> <\/p>\n<li> Gornji\u0161te je napravljeno od materijala NikeSkin sa \u0161evron dezenom koji pru\u017ea bolju kontrolu nad loptom <\/li>\n<li> Gumeni spoljni \u0111on je dizajniran tako da pru\u017ei trakciju u vi\u0161e smjerova na ulici, terenu i u zatvorenom prostoru <\/li>\n<li> Zamijenili smo mre\u017eastu tkaninu iz prethodne generacije prilagodljivom tkaninom koja pru\u017ea fleksibilnost i potporu <\/li>\n<li> Za upotrebu na ulici, terenu i u zatvorenom prostoru <\/li>","protected":false},"excerpt":{"rendered":"<p>Ove Nike Zoom Vapor 16 Academy kopa\u010dke smo napravili s unapre\u0111enom Air Zoom jedinicom u peti. Pru\u017eaju vam ubrzanje potrebno za proboj zadnje linije. Detalji: Gornji\u0161te je napravljeno od materijala NikeSkin sa \u0161evron dezenom koji pru\u017ea bolju kontrolu nad loptom Gumeni spoljni \u0111on je dizajniran tako da pru\u017ei trakciju u vi\u0161e smjerova na ulici, terenu [&hellip;]<\/p>","protected":false},"featured_media":27031,"template":"","meta":{"jetpack_post_was_ever_published":false},"product_brand":[94],"product_cat":[67],"product_tag":[],"class_list":{"0":"post-27033","1":"product","2":"type-product","3":"status-publish","4":"has-post-thumbnail","6":"product_brand-sport_vision","7":"product_cat-muske-patike","9":"first","10":"instock","11":"sale","12":"shipping-taxable","13":"product-type-external"},"jetpack-related-posts":[],"jetpack_sharing_enabled":true,"_links":{"self":[{"href":"https:\/\/cipele.ba\/en\/wp-json\/wp\/v2\/product\/27033","targetHints":{"allow":["GET"]}}],"collection":[{"href":"https:\/\/cipele.ba\/en\/wp-json\/wp\/v2\/product"}],"about":[{"href":"https:\/\/cipele.ba\/en\/wp-json\/wp\/v2\/types\/product"}],"wp:featuredmedia":[{"embeddable":true,"href":"https:\/\/cipele.ba\/en\/wp-json\/wp\/v2\/media\/27031"}],"wp:attachment":[{"href":"https:\/\/cipele.ba\/en\/wp-json\/wp\/v2\/media?parent=27033"}],"wp:term":[{"taxonomy":"product_brand","embeddable":true,"href":"https:\/\/cipele.ba\/en\/wp-json\/wp\/v2\/product_brand?post=27033"},{"taxonomy":"product_cat","embeddable":true,"href":"https:\/\/cipele.ba\/en\/wp-json\/wp\/v2\/product_cat?post=27033"},{"taxonomy":"product_tag","embeddable":true,"href":"https:\/\/cipele.ba\/en\/wp-json\/wp\/v2\/product_tag?post=27033"}],"curies":[{"name":"wp","href":"https:\/\/api.w.org\/{rel}","templated":true}]}}