{"id":27044,"date":"2025-10-13T22:32:10","date_gmt":"2025-10-13T22:32:10","guid":{"rendered":"https:\/\/cipele.ba\/shop\/uncategorized\/under-armour-infinite\/"},"modified":"2026-04-18T15:15:58","modified_gmt":"2026-04-18T15:15:58","slug":"under-armour-infinite","status":"publish","type":"product","link":"https:\/\/cipele.ba\/en\/shop\/muskarci\/muske-patike\/under-armour-infinite\/","title":{"rendered":"Under Armour Infinite"},"content":{"rendered":"<\/p>\n<p> Under Armour Infinite patike za tr\u010danje su dizajnirane za udobnost i performanse tokom tr\u010danja ili svakodnevnih aktivnosti. <\/p>\n<\/p>\n<p> <b> Detalji <\/b> <\/p>\n<li> Lagani dizajn s prozra\u010dnim materijalima pru\u017ea responzivnu amortizaciju za bolju udobnost i stabilnost <\/li>\n<li> Izdr\u017eljivi spoljni \u0111on pru\u017ea vrhunsko prianjanje i trakciju <\/li>\n<li> Idealne za razli\u010dite aktivnosti <\/li>","protected":false},"excerpt":{"rendered":"<p>Under Armour Infinite patike za tr\u010danje su dizajnirane za udobnost i performanse tokom tr\u010danja ili svakodnevnih aktivnosti. Detalji Lagani dizajn s prozra\u010dnim materijalima pru\u017ea responzivnu amortizaciju za bolju udobnost i stabilnost Izdr\u017eljivi spoljni \u0111on pru\u017ea vrhunsko prianjanje i trakciju Idealne za razli\u010dite aktivnosti<\/p>","protected":false},"featured_media":27043,"template":"","meta":{"jetpack_post_was_ever_published":false},"product_brand":[94],"product_cat":[67],"product_tag":[],"class_list":{"0":"post-27044","1":"product","2":"type-product","3":"status-publish","4":"has-post-thumbnail","6":"product_brand-sport_vision","7":"product_cat-muske-patike","9":"first","10":"instock","11":"sale","12":"shipping-taxable","13":"product-type-external"},"jetpack-related-posts":[],"jetpack_sharing_enabled":true,"_links":{"self":[{"href":"https:\/\/cipele.ba\/en\/wp-json\/wp\/v2\/product\/27044","targetHints":{"allow":["GET"]}}],"collection":[{"href":"https:\/\/cipele.ba\/en\/wp-json\/wp\/v2\/product"}],"about":[{"href":"https:\/\/cipele.ba\/en\/wp-json\/wp\/v2\/types\/product"}],"wp:featuredmedia":[{"embeddable":true,"href":"https:\/\/cipele.ba\/en\/wp-json\/wp\/v2\/media\/27043"}],"wp:attachment":[{"href":"https:\/\/cipele.ba\/en\/wp-json\/wp\/v2\/media?parent=27044"}],"wp:term":[{"taxonomy":"product_brand","embeddable":true,"href":"https:\/\/cipele.ba\/en\/wp-json\/wp\/v2\/product_brand?post=27044"},{"taxonomy":"product_cat","embeddable":true,"href":"https:\/\/cipele.ba\/en\/wp-json\/wp\/v2\/product_cat?post=27044"},{"taxonomy":"product_tag","embeddable":true,"href":"https:\/\/cipele.ba\/en\/wp-json\/wp\/v2\/product_tag?post=27044"}],"curies":[{"name":"wp","href":"https:\/\/api.w.org\/{rel}","templated":true}]}}