{"id":27048,"date":"2025-10-13T22:32:10","date_gmt":"2025-10-13T22:32:10","guid":{"rendered":"https:\/\/cipele.ba\/shop\/uncategorized\/umbro-legend\/"},"modified":"2026-04-18T20:50:48","modified_gmt":"2026-04-18T20:50:48","slug":"umbro-legend","status":"publish","type":"product","link":"https:\/\/cipele.ba\/en\/shop\/muskarci\/muske-patike\/umbro-legend\/","title":{"rendered":"Umbro Legend"},"content":{"rendered":"","protected":false},"excerpt":{"rendered":"<\/p>\n<p> Odra\u017eavajte se sna\u017eno i brzo na zatvorenim terenima u ovim Umbro Legend mu\u0161kim patikama za trening. <\/p>\n<\/p>\n<p> <b> Detalji <\/b> <\/p>\n<li> Pertlanje <\/li>\n<li> Izdr\u017eljivo gornji\u0161te <\/li>\n<li> Gumeni spoljni \u0111on <\/li>","protected":false},"featured_media":27046,"template":"","meta":{"jetpack_post_was_ever_published":false},"product_brand":[94],"product_cat":[67],"product_tag":[],"class_list":{"0":"post-27048","1":"product","2":"type-product","3":"status-publish","4":"has-post-thumbnail","6":"product_brand-sport_vision","7":"product_cat-muske-patike","9":"first","10":"instock","11":"sale","12":"shipping-taxable","13":"product-type-external"},"jetpack-related-posts":[],"jetpack_sharing_enabled":true,"_links":{"self":[{"href":"https:\/\/cipele.ba\/en\/wp-json\/wp\/v2\/product\/27048","targetHints":{"allow":["GET"]}}],"collection":[{"href":"https:\/\/cipele.ba\/en\/wp-json\/wp\/v2\/product"}],"about":[{"href":"https:\/\/cipele.ba\/en\/wp-json\/wp\/v2\/types\/product"}],"wp:featuredmedia":[{"embeddable":true,"href":"https:\/\/cipele.ba\/en\/wp-json\/wp\/v2\/media\/27046"}],"wp:attachment":[{"href":"https:\/\/cipele.ba\/en\/wp-json\/wp\/v2\/media?parent=27048"}],"wp:term":[{"taxonomy":"product_brand","embeddable":true,"href":"https:\/\/cipele.ba\/en\/wp-json\/wp\/v2\/product_brand?post=27048"},{"taxonomy":"product_cat","embeddable":true,"href":"https:\/\/cipele.ba\/en\/wp-json\/wp\/v2\/product_cat?post=27048"},{"taxonomy":"product_tag","embeddable":true,"href":"https:\/\/cipele.ba\/en\/wp-json\/wp\/v2\/product_tag?post=27048"}],"curies":[{"name":"wp","href":"https:\/\/api.w.org\/{rel}","templated":true}]}}