{"id":27053,"date":"2025-10-13T22:32:13","date_gmt":"2025-10-13T22:32:13","guid":{"rendered":"https:\/\/cipele.ba\/shop\/uncategorized\/umbro-romper\/"},"modified":"2026-04-19T11:04:09","modified_gmt":"2026-04-19T11:04:09","slug":"umbro-romper","status":"publish","type":"product","link":"https:\/\/cipele.ba\/en\/shop\/muskarci\/muske-patike\/umbro-romper\/","title":{"rendered":"Umbro Romper"},"content":{"rendered":"<\/p>\n<p> Umbro Romper IC mu\u0161ke fudbalske patike dizajnirane su za ljubitelje fudbala na zatvorenim terenima koji tra\u017ee udobnost i performanse. Ove patike sa \u017eivahnom paletom boja i laganom konstrukcijom napravljene su da podr\u017ee brze pokrete na zatvorenim terenima. <\/p>\n<\/p>\n<p> <b> Detalji: <\/b> <\/p>\n<li> Plitki rub <\/li>\n<li> Umbro logotip <\/li>\n<li> Gumeni spoljni \u0111on <\/li>\n<li> Pertle <\/li>","protected":false},"excerpt":{"rendered":"<p>Umbro Romper IC mu\u0161ke fudbalske patike dizajnirane su za ljubitelje fudbala na zatvorenim terenima koji tra\u017ee udobnost i performanse. Ove patike sa \u017eivahnom paletom boja i laganom konstrukcijom napravljene su da podr\u017ee brze pokrete na zatvorenim terenima. Detalji: Plitki rub Umbro logotip Gumeni spoljni \u0111on Pertle<\/p>","protected":false},"featured_media":27051,"template":"","meta":{"jetpack_post_was_ever_published":false},"product_brand":[94],"product_cat":[67],"product_tag":[],"class_list":{"0":"post-27053","1":"product","2":"type-product","3":"status-publish","4":"has-post-thumbnail","6":"product_brand-sport_vision","7":"product_cat-muske-patike","9":"first","10":"instock","11":"sale","12":"shipping-taxable","13":"product-type-external"},"jetpack-related-posts":[],"jetpack_sharing_enabled":true,"_links":{"self":[{"href":"https:\/\/cipele.ba\/en\/wp-json\/wp\/v2\/product\/27053","targetHints":{"allow":["GET"]}}],"collection":[{"href":"https:\/\/cipele.ba\/en\/wp-json\/wp\/v2\/product"}],"about":[{"href":"https:\/\/cipele.ba\/en\/wp-json\/wp\/v2\/types\/product"}],"wp:featuredmedia":[{"embeddable":true,"href":"https:\/\/cipele.ba\/en\/wp-json\/wp\/v2\/media\/27051"}],"wp:attachment":[{"href":"https:\/\/cipele.ba\/en\/wp-json\/wp\/v2\/media?parent=27053"}],"wp:term":[{"taxonomy":"product_brand","embeddable":true,"href":"https:\/\/cipele.ba\/en\/wp-json\/wp\/v2\/product_brand?post=27053"},{"taxonomy":"product_cat","embeddable":true,"href":"https:\/\/cipele.ba\/en\/wp-json\/wp\/v2\/product_cat?post=27053"},{"taxonomy":"product_tag","embeddable":true,"href":"https:\/\/cipele.ba\/en\/wp-json\/wp\/v2\/product_tag?post=27053"}],"curies":[{"name":"wp","href":"https:\/\/api.w.org\/{rel}","templated":true}]}}